{"id":10981,"date":"2021-10-25T12:50:22","date_gmt":"2021-10-25T10:50:22","guid":{"rendered":"https:\/\/www.stelorder.com\/contadores\/"},"modified":"2023-12-11T17:39:08","modified_gmt":"2023-12-11T16:39:08","slug":"asesores","status":"publish","type":"page","link":"https:\/\/www.stelorder.com\/chile\/asesores\/","title":{"rendered":"Contadores"},"content":{"rendered":"<div class=\"gb-container gb-container-737dfa3a cl-padding-hero\"><div class=\"gb-inside-container\">\n<div class=\"gb-grid-wrapper gb-grid-wrapper-624d7fb2\">\n<div class=\"gb-grid-column gb-grid-column-26ed6387\"><div class=\"gb-container gb-container-26ed6387\"><div class=\"gb-inside-container\">\n\n<h1 class=\"gb-headline gb-headline-bcac8d9b gb-headline-text cl-h8\">STEL Order para contadores<\/h1>\n\n\n\n<p class=\"cl-h2 cl-bottom-1rem\">Un buen ERP y un buen asesor son mejores cuando trabajan juntos<\/p>\n\n\n\n<p class=\"cl-h10\">Optimiza tu fuerza de ventas mejorando tu gesti\u00f3n comercial creando todos los documentos comerciales est\u00e9s donde est\u00e9s<\/p>\n\n\n<div class=\"gb-button-wrapper gb-button-wrapper-4f8e4392\">\n\n<a class=\"gb-button gb-button-52bcc819 gb-button-text\" href=\"https:\/\/app.stelorder.com\/app#form=registroAsesor\" rel=\"nofollow noopener\" target=\"_blank\"><strong>Crea tu cuenta de Asesor GRATIS<\/strong><\/a>\n\n<\/div>\n\n\n<p class=\"cl-session-start has-black-color has-text-color\"><strong><a href=\"https:\/\/app.stelorder.com\/app\" target=\"_blank\" rel=\"noreferrer noopener nofollow\">Inicia sesi\u00f3n &#8212;&gt;<\/a><\/strong><\/p>\n\n<\/div><\/div><\/div>\n\n<div class=\"gb-grid-column gb-grid-column-dc124461\"><div class=\"gb-container gb-container-dc124461\"><div class=\"gb-inside-container\">\n\n<figure class=\"wp-block-image aligncenter size-full\"><img decoding=\"async\" width=\"614\" height=\"518\" src=\"https:\/\/www.stelorder.com\/wp-content\/uploads\/2022\/07\/cabecera-asesor.png\" alt=\"\" class=\"wp-image-22406\" srcset=\"https:\/\/www.stelorder.com\/wp-content\/uploads\/2022\/07\/cabecera-asesor.png 614w, https:\/\/www.stelorder.com\/wp-content\/uploads\/2022\/07\/cabecera-asesor-300x253.png 300w, https:\/\/www.stelorder.com\/wp-content\/uploads\/2022\/07\/cabecera-asesor-150x127.png 150w\" sizes=\"(max-width: 614px) 100vw, 614px\" \/><\/figure>\n\n<\/div><\/div><\/div>\n<\/div>\n<\/div><\/div><div class=\"gb-container gb-container-12d6c1cf cl-padding-normal\"><div class=\"gb-inside-container\">\n\n<figure class=\"wp-block-image aligncenter size-full cl-logo-asesor-partner\"><img decoding=\"async\" width=\"460\" height=\"98\" src=\"https:\/\/www.stelorder.com\/wp-content\/uploads\/2022\/05\/Logo-Asesor-bn.png\" alt=\"\" class=\"wp-image-20028\" srcset=\"https:\/\/www.stelorder.com\/wp-content\/uploads\/2022\/05\/Logo-Asesor-bn.png 460w, https:\/\/www.stelorder.com\/wp-content\/uploads\/2022\/05\/Logo-Asesor-bn-300x64.png 300w, https:\/\/www.stelorder.com\/wp-content\/uploads\/2022\/05\/Logo-Asesor-bn-150x32.png 150w\" sizes=\"(max-width: 460px) 100vw, 460px\" \/><\/figure>\n\n\n\n<p class=\"has-text-align-center cl-h5 cl-max-45-chars cl-text-align-center\">Recibe hasta el 20 % de comisi\u00f3n y ay\u00fadanos a hacer el negocio y la vida m\u00e1s f\u00e1cil de emprendedores, aut\u00f3nomos y PYMEs<\/p>\n\n\n<div class=\"gb-grid-wrapper gb-grid-wrapper-0cfba6f9 cl-partner\">\n<div class=\"gb-grid-column gb-grid-column-7c40acb9\"><div class=\"gb-container gb-container-7c40acb9\"><div class=\"gb-inside-container\">\n\n<figure class=\"wp-block-image size-full\"><img decoding=\"async\" width=\"50\" height=\"50\" src=\"https:\/\/www.stelorder.com\/wp-content\/uploads\/2022\/05\/Stroke-width4.png\" alt=\"\" class=\"wp-image-19565\"\/><\/figure>\n\n\n\n<p><\/p>\n\n\n\n<p class=\"has-text-align-left cl-h7\"><strong>1. \u00danete<\/strong><\/p>\n\n\n\n<p class=\"has-text-align-left\">\u00danete ahora y podr\u00e1s comenzar a compartir STEL Order. Dispondr\u00e1s de una cuenta de STEL Order gratis desde la que compartir STEL Order, conocer tus comisiones, hacer seguimiento a tus referidos y con la que hacer demostraciones a quien tu desees.<\/p>\n\n<\/div><\/div><\/div>\n\n<div class=\"gb-grid-column gb-grid-column-3c8ed2e2\"><div class=\"gb-container gb-container-3c8ed2e2\"><div class=\"gb-inside-container\">\n\n<figure class=\"wp-block-image size-full\"><img decoding=\"async\" width=\"50\" height=\"50\" src=\"https:\/\/www.stelorder.com\/wp-content\/uploads\/2022\/05\/share-2.png\" alt=\"\" class=\"wp-image-19555\"\/><\/figure>\n\n\n\n<p><\/p>\n\n\n\n<p class=\"has-text-align-left cl-h7\"><strong>2. Comparte<\/strong><\/p>\n\n\n\n<p class=\"has-text-align-left\">Obtendr\u00e1s una URL personalizada con la que podr\u00e1s compartir STEL Order en redes sociales, por email, en tu web o blog con solo un clic. Para compartir has de acceder a tu cuenta gratuita de STEL Order y visitar la secci\u00f3n \u201cComparte y gana\u201d.<\/p>\n\n<\/div><\/div><\/div>\n\n<div class=\"gb-grid-column gb-grid-column-628c1e61\"><div class=\"gb-container gb-container-628c1e61\"><div class=\"gb-inside-container\">\n\n<figure class=\"wp-block-image size-full\"><img decoding=\"async\" width=\"50\" height=\"50\" src=\"https:\/\/www.stelorder.com\/wp-content\/uploads\/2022\/05\/dollar-sign.png\" alt=\"\" class=\"wp-image-19560\"\/><\/figure>\n\n\n\n<p><\/p>\n\n\n\n<p class=\"has-text-align-left cl-h7\">3<strong>. Gana<\/strong><\/p>\n\n\n\n<p class=\"has-text-align-left\">Recibir\u00e1s el 15 % de comisi\u00f3n sobre todo lo que facturemos a tus clientes referidos. Tu comisi\u00f3n pasar\u00e1 a ser el 20 % una vez superes los 100 clientes referidos activos. Podr\u00e1s hacer seguimiento de tus comisiones y de su estado de cobro.<\/p>\n\n<\/div><\/div><\/div>\n<\/div>\n<\/div><\/div><div class=\"gb-container gb-container-7ca547a2 cl-padding-normal\" id=\"formulario\"><div class=\"gb-inside-container\">\n<div class=\"gb-grid-wrapper gb-grid-wrapper-e88a301e\">\n<div class=\"gb-grid-column gb-grid-column-8edc1d88\"><div class=\"gb-container gb-container-8edc1d88\"><div class=\"gb-inside-container\">\n\n<div class=\"wpcf7 no-js\" id=\"wpcf7-f12749-o1\" lang=\"es-CL\" dir=\"ltr\" data-wpcf7-id=\"12749\">\n<div class=\"screen-reader-response\"><p role=\"status\" aria-live=\"polite\" aria-atomic=\"true\"><\/p> <ul><\/ul><\/div>\n<form action=\"\/chile\/wp-json\/wp\/v2\/pages\/10981\/#wpcf7-f12749-o1\" method=\"post\" class=\"wpcf7-form init\" aria-label=\"Contact form\" novalidate=\"novalidate\" data-status=\"init\">\n<fieldset class=\"hidden-fields-container\"><input type=\"hidden\" name=\"_wpcf7\" value=\"12749\" \/><input type=\"hidden\" name=\"_wpcf7_version\" value=\"6.1.5\" \/><input type=\"hidden\" name=\"_wpcf7_locale\" value=\"es_CL\" \/><input type=\"hidden\" name=\"_wpcf7_unit_tag\" value=\"wpcf7-f12749-o1\" \/><input type=\"hidden\" name=\"_wpcf7_container_post\" value=\"0\" \/><input type=\"hidden\" name=\"_wpcf7_posted_data_hash\" value=\"\" \/><input type=\"hidden\" name=\"_wpcf7dtx_version\" value=\"5.0.5\" \/>\n<\/fieldset>\n<div class=\"wpcf7-turnstile cf-turnstile\" data-sitekey=\"0x4AAAAAACrqrOw4fzjPUf6L\" data-response-field-name=\"_wpcf7_turnstile_response\"><\/div>\n\n<div class=\"cl-cf7-general\">\n\t<p class=\"cl-h3 cl-bottom-1rem\">Toda la asistencia que necesites antes y despu\u00e9s de contratar\n\t<\/p>\n\t<p class=\"cl-h7 cl-bottom-1rem cl-max-35-chars\"><span class=\"cl-orange\">Especialistas en STEL Order est\u00e1n deseando ayudarte<\/span>\n\t<\/p>\n\t<p><label> <span class=\"cl-cf7-label\">Nombre<\/span><br \/>\n<span class=\"wpcf7-form-control-wrap\" data-name=\"nombre-contacto\"><input size=\"40\" maxlength=\"400\" class=\"wpcf7-form-control wpcf7-text wpcf7-validates-as-required\" aria-required=\"true\" aria-invalid=\"false\" placeholder=\"Nombre\" value=\"\" type=\"text\" name=\"nombre-contacto\" \/><\/span> <\/label>\n\t<\/p>\n\t<p><span id=\"wpcf7-69d50f87d5aa1-wrapper\" class=\"wpcf7-form-control-wrap website-url-567-wrap\" style=\"display:none !important; visibility:hidden !important;\"><input type=\"hidden\" name=\"website-url-567-time-start\" value=\"1775570823\"><input type=\"hidden\" name=\"website-url-567-time-check\" value=\"4\"><label for=\"wpcf7-69d50f87d5aa1-field\" class=\"hp-message\">Please leave this field empty.<\/label><input id=\"wpcf7-69d50f87d5aa1-field\"  placeholder=\"Url sitio web\"  class=\"wpcf7-form-control wpcf7-text\" type=\"text\" name=\"website-url-567\" value=\"\" size=\"40\" tabindex=\"-1\" autocomplete=\"new-password\" \/><\/span>\n\t<\/p>\n\t<p><label> <span class=\"cl-cf7-label\">Tel\u00e9fono<\/span><br \/>\n<span class=\"wpcf7-form-control-wrap\" data-name=\"tel-contacto\"><input size=\"40\" maxlength=\"400\" class=\"wpcf7-form-control wpcf7-tel wpcf7-text wpcf7-validates-as-tel\" aria-invalid=\"false\" placeholder=\"Tel\u00e9fono\" value=\"\" type=\"tel\" name=\"tel-contacto\" \/><\/span> <\/label>\n\t<\/p>\n\t<p><label> <span class=\"cl-cf7-label\">Email<\/span><br \/>\n<span class=\"wpcf7-form-control-wrap\" data-name=\"email-contacto\"><input size=\"40\" maxlength=\"400\" class=\"wpcf7-form-control wpcf7-email wpcf7-validates-as-required wpcf7-text wpcf7-validates-as-email\" aria-required=\"true\" aria-invalid=\"false\" placeholder=\"Email\" value=\"\" type=\"email\" name=\"email-contacto\" \/><\/span> <\/label>\n\t<\/p>\n\t<p><label> <span class=\"cl-cf7-label\">\u00bfEres cliente?<\/span><br \/>\n<span class=\"wpcf7-form-control-wrap\" data-name=\"input-cliente\"><select class=\"wpcf7-form-control wpcf7-select wpcf7-validates-as-required\" aria-required=\"true\" aria-invalid=\"false\" name=\"input-cliente\"><option value=\"\u00bfEres cliente?\">\u00bfEres cliente?<\/option><option value=\"S\u00ed\">S\u00ed<\/option><option value=\"No\">No<\/option><\/select><\/span><\/label>\n\t<\/p>\n\t<p><label> <span class=\"cl-cf7-label\">\u00bfCu\u00e1l es el motivo de tu consulta?<\/span><br \/>\n<span class=\"wpcf7-form-control-wrap\" data-name=\"input-motivo-consulta\"><select class=\"wpcf7-form-control wpcf7-select wpcf7-validates-as-required\" aria-required=\"true\" aria-invalid=\"false\" name=\"input-motivo-consulta\"><option value=\"Elige el motivo de tu consulta\">Elige el motivo de tu consulta<\/option><option value=\"Quiero una demostraci\u00f3n gratuita\">Quiero una demostraci\u00f3n gratuita<\/option><option value=\"Necesito ayuda\">Necesito ayuda<\/option><\/select><\/span><\/label>\n\t<\/p>\n\t<p><span class=\"wpcf7-form-control-wrap\" data-name=\"acceptance-159\"><span class=\"wpcf7-form-control wpcf7-acceptance\"><span class=\"wpcf7-list-item\"><label><input type=\"checkbox\" name=\"acceptance-159\" value=\"1\" aria-invalid=\"false\" \/><span class=\"wpcf7-list-item-label\">He le\u00eddo y acepto la <a href=\"\/chile\/politica-de-privacidad-stel-order\/\">pol\u00edtica de privacidad<\/a><\/span><\/label><\/span><\/span><\/span>\n\t<\/p>\n\t<div class=\"cl-bottom-1rem\">\n\t\t<p>[recaptcha]\n\t\t<\/p>\n\t<\/div>\n\t<p><input class=\"wpcf7-form-control wpcf7-submit has-spinner cl-cf7-send\" type=\"submit\" value=\"Enviar\" \/>\n\t<\/p>\n<\/div><div class=\"wpcf7-response-output\" aria-hidden=\"true\"><\/div>\n<\/form>\n<\/div>\n\n\n<\/div><\/div><\/div>\n\n<div class=\"gb-grid-column gb-grid-column-98dc94f7\"><div class=\"gb-container gb-container-98dc94f7\"><div class=\"gb-inside-container\">\n\n<figure class=\"wp-block-image aligncenter size-full\"><img decoding=\"async\" width=\"563\" height=\"458\" src=\"https:\/\/www.stelorder.com\/wp-content\/uploads\/2022\/01\/contactos-stel.png\" alt=\"\" class=\"wp-image-12742\" srcset=\"https:\/\/www.stelorder.com\/wp-content\/uploads\/2022\/01\/contactos-stel.png 563w, https:\/\/www.stelorder.com\/wp-content\/uploads\/2022\/01\/contactos-stel-300x244.png 300w, https:\/\/www.stelorder.com\/wp-content\/uploads\/2022\/01\/contactos-stel-150x122.png 150w\" sizes=\"(max-width: 563px) 100vw, 563px\" \/><\/figure>\n\n<\/div><\/div><\/div>\n<\/div>\n<\/div><\/div>","protected":false},"excerpt":{"rendered":"<p>Recibe hasta el 20 % de comisi\u00f3n y ay\u00fadanos a hacer el negocio y la vida m\u00e1s f\u00e1cil de emprendedores, aut\u00f3nomos y PYMEs<\/p>\n","protected":false},"author":4,"featured_media":27975,"parent":0,"menu_order":0,"comment_status":"closed","ping_status":"closed","template":"","meta":{"_acf_changed":false,"inline_featured_image":false,"footnotes":""},"class_list":{"0":"post-10981","1":"page","2":"type-page","3":"status-publish","4":"has-post-thumbnail","6":"no-featured-image-padding"},"acf":[],"_links":{"self":[{"href":"https:\/\/www.stelorder.com\/chile\/wp-json\/wp\/v2\/pages\/10981","targetHints":{"allow":["GET"]}}],"collection":[{"href":"https:\/\/www.stelorder.com\/chile\/wp-json\/wp\/v2\/pages"}],"about":[{"href":"https:\/\/www.stelorder.com\/chile\/wp-json\/wp\/v2\/types\/page"}],"author":[{"embeddable":true,"href":"https:\/\/www.stelorder.com\/chile\/wp-json\/wp\/v2\/users\/4"}],"replies":[{"embeddable":true,"href":"https:\/\/www.stelorder.com\/chile\/wp-json\/wp\/v2\/comments?post=10981"}],"version-history":[{"count":0,"href":"https:\/\/www.stelorder.com\/chile\/wp-json\/wp\/v2\/pages\/10981\/revisions"}],"wp:featuredmedia":[{"embeddable":true,"href":"https:\/\/www.stelorder.com\/chile\/wp-json\/wp\/v2\/media\/27975"}],"wp:attachment":[{"href":"https:\/\/www.stelorder.com\/chile\/wp-json\/wp\/v2\/media?parent=10981"}],"curies":[{"name":"wp","href":"https:\/\/api.w.org\/{rel}","templated":true}]}}