{"id":20556,"date":"2022-06-14T10:41:34","date_gmt":"2022-06-14T08:41:34","guid":{"rendered":"https:\/\/www.stelorder.com\/erp\/success-stories\/"},"modified":"2023-12-26T08:24:58","modified_gmt":"2023-12-26T07:24:58","slug":"success-stories","status":"publish","type":"page","link":"https:\/\/www.stelorder.com\/en\/erp\/success-stories\/","title":{"rendered":"Success stories"},"content":{"rendered":"<div class=\"gb-container gb-container-141fae73\">\n<div class=\"gb-container gb-container-095e80c6\">\n\n<figure class=\"gb-block-image gb-block-image-81e40702\"><img decoding=\"async\" width=\"808\" height=\"444\" class=\"gb-image gb-image-81e40702\" src=\"https:\/\/www.stelorder.com\/wp-content\/uploads\/2023\/05\/portada-video-casos-de-exito.png\" alt=\"\" title=\"cover-video-success stories\" data-fslightbox=\"https:\/\/www.youtube.com\/watch?v=nNfuAK5LtJA\" srcset=\"https:\/\/www.stelorder.com\/wp-content\/uploads\/2023\/05\/portada-video-casos-de-exito.png 808w, https:\/\/www.stelorder.com\/wp-content\/uploads\/2023\/05\/portada-video-casos-de-exito-300x165.png 300w, https:\/\/www.stelorder.com\/wp-content\/uploads\/2023\/05\/portada-video-casos-de-exito-768x422.png 768w, https:\/\/www.stelorder.com\/wp-content\/uploads\/2023\/05\/portada-video-casos-de-exito-150x82.png 150w\" sizes=\"(max-width: 808px) 100vw, 808px\" \/><\/figure>\n\n\n\n<figure class=\"wp-block-image size-full\"><a data-fslightbox=\"\" href=\"https:\/\/www.youtube.com\/watch?v=nNfuAK5LtJA?autoplay=1&#038;rel=0&#038;autohide=1&#038;showinfo=0\" rel=\"nofollow noopener\" target=\"_blank\"><img decoding=\"async\" src=\"https:\/\/www.stelorder.com\/wp-content\/uploads\/2023\/05\/portada-video-casos-de-exito-1080.png\" alt=\"\" class=\"wp-image-29458 gb-image-81e40702\"\/><\/a><\/figure>\n\n<\/div>\n\n<div class=\"gb-container gb-container-f332b4ab\">\n\n<p class=\"gb-headline gb-headline-bcc5f015 gb-headline-text cl-max-16-chars cl-text-align-left\">Success stories<\/p>\n\n<\/div>\n<\/div><div class=\"gb-container gb-container-8f81839f\" id=\"hero-backup\">\n<div class=\"gb-container gb-container-0d20e5e4\">\n\n<figure class=\"gb-block-image gb-block-image-5fbb8b07\"><img decoding=\"async\" width=\"808\" height=\"444\" class=\"gb-image gb-image-5fbb8b07\" src=\"https:\/\/www.stelorder.com\/wp-content\/uploads\/2023\/05\/portada-video-casos-de-exito.png\" alt=\"\" title=\"cover-video-success stories\" srcset=\"https:\/\/www.stelorder.com\/wp-content\/uploads\/2023\/05\/portada-video-casos-de-exito.png 808w, https:\/\/www.stelorder.com\/wp-content\/uploads\/2023\/05\/portada-video-casos-de-exito-300x165.png 300w, https:\/\/www.stelorder.com\/wp-content\/uploads\/2023\/05\/portada-video-casos-de-exito-768x422.png 768w, https:\/\/www.stelorder.com\/wp-content\/uploads\/2023\/05\/portada-video-casos-de-exito-150x82.png 150w\" sizes=\"(max-width: 808px) 100vw, 808px\" \/><\/figure>\n\n<\/div>\n\n<div class=\"gb-container gb-container-87e437c9\">\n\n<p class=\"gb-headline gb-headline-ed0794ce gb-headline-text cl-max-16-chars cl-text-align-left\">Success stories<\/p>\n\n<\/div>\n<\/div><div class=\"gb-container gb-container-41d7d429\" id=\"selectores\">\n<div class=\"gb-container gb-container-6b0e406f\">\n\n<h2 class=\"gb-headline gb-headline-4834d454 gb-headline-text cl-h2\">Choose your industry<\/h2>\n\n\n<div class=\"gb-button-wrapper gb-button-wrapper-9c949e02 smooth-scroll\">\n\n<a class=\"gb-button gb-button-77a230d5 gb-button-text smooth-scroll\" href=\"#sat\">Field services<\/a>\n\n\n\n<a class=\"gb-button gb-button-aab1f905 gb-button-text smooth-scroll\" href=\"#agencias\">Marketing and professional services<\/a>\n\n\n\n<a class=\"gb-button gb-button-d3d70a4c gb-button-text smooth-scroll\" href=\"#distribucion\">Sales distribution<\/a>\n\n\n\n<a class=\"gb-button gb-button-2ff212a8 gb-button-text smooth-scroll\" href=\"#obras\">Construction<\/a>\n\n\n\n<a class=\"gb-button gb-button-911e5e4c gb-button-text smooth-scroll\" href=\"#climatizacion\">HVAC<\/a>\n\n\n\n<a class=\"gb-button gb-button-65db91cf gb-button-text smooth-scroll\" href=\"#informatica\">IT repair and services<\/a>\n\n<\/div>\n<\/div>\n<\/div><div class=\"gb-container gb-container-c146e204\" id=\"sat\">\n<div class=\"gb-container gb-container-66fbd4b6\">\n<div class=\"gb-container gb-container-868ace37\">\n\n<h2 class=\"gb-headline gb-headline-bf3228d4 gb-headline-text cl-max-16-chars cl-text-align-left cl-h3\">Field services<\/h2>\n\n\n<div class=\"gb-container gb-container-5417bcf0\" id=\"relojes\">\n<div class=\"gb-container gb-container-d4ee811f\">\n\n<figure class=\"wp-block-image size-full\"><a data-fslightbox=\"\" href=\"https:\/\/www.youtube.com\/watch?v=B9-PkzX0QQw?autoplay=1&#038;rel=0&#038;autohide=1&#038;showinfo=0\" rel=\"nofollow noopener\" target=\"_blank\"><img decoding=\"async\" width=\"690\" height=\"387\" src=\"https:\/\/www.stelorder.com\/wp-content\/uploads\/2023\/05\/portada-video-tradicion.png\" alt=\"\" class=\"wp-image-29516\" srcset=\"https:\/\/www.stelorder.com\/wp-content\/uploads\/2023\/05\/portada-video-tradicion.png 690w, https:\/\/www.stelorder.com\/wp-content\/uploads\/2023\/05\/portada-video-tradicion-300x168.png 300w, https:\/\/www.stelorder.com\/wp-content\/uploads\/2023\/05\/portada-video-tradicion-150x84.png 150w\" sizes=\"(max-width: 690px) 100vw, 690px\" \/><\/a><\/figure>\n\n<\/div>\n\n<div class=\"gb-container gb-container-fdca73dd\">\n\n<h2 class=\"gb-headline gb-headline-5952183c gb-headline-text cl-h2\">Tradici\u00f3n en Relojes y Campanas<\/h2>\n\n\n\n<p class=\"gb-headline gb-headline-d2926859 gb-headline-text cl-h10\">Tradici\u00f3n en Relojes y Campanas has been caring for the bell towers in the most emblematic buildings across Spain for more than 30 years.<\/p>\n\n\n\n<a class=\"gb-button gb-button-eed6c11a gb-button-text\" href=\"https:\/\/www.stelorder.com\/erp\/software-sat-servicio-tecnico\/tradicion-relojes-y-campanas\/\">Read more<\/a>\n\n<\/div>\n<\/div>\n<\/div>\n<\/div>\n\n<div class=\"gb-container gb-container-bc61b4f6\">\n<div class=\"gb-container gb-container-e1379d15\" id=\"jmc\">\n\n<figure class=\"wp-block-image size-full\"><a data-fslightbox=\"\" href=\"https:\/\/www.youtube.com\/watch?v=jmkKskNBnRI?autoplay=1&#038;rel=0&#038;autohide=1&#038;showinfo=0\" rel=\"nofollow noopener\" target=\"_blank\"><img decoding=\"async\" width=\"690\" height=\"388\" src=\"https:\/\/www.stelorder.com\/wp-content\/uploads\/2023\/05\/portada-jmc-cde-2.png\" alt=\"\" class=\"wp-image-29599\" srcset=\"https:\/\/www.stelorder.com\/wp-content\/uploads\/2023\/05\/portada-jmc-cde-2.png 690w, https:\/\/www.stelorder.com\/wp-content\/uploads\/2023\/05\/portada-jmc-cde-2-300x169.png 300w, https:\/\/www.stelorder.com\/wp-content\/uploads\/2023\/05\/portada-jmc-cde-2-150x84.png 150w\" sizes=\"(max-width: 690px) 100vw, 690px\" \/><\/a><\/figure>\n\n\n<div class=\"gb-container gb-container-2a548fd6\">\n<div class=\"gb-container gb-container-7fcc034a\">\n\n<h2 class=\"gb-headline gb-headline-71342e9d gb-headline-text cl-h2\">JMC<\/h2>\n\n\n\n<p class=\"gb-headline gb-headline-17253c1e gb-headline-text cl-h10\">JMC was STEL Order&#8217;s first client. This short video tells the story of how this restaurant and catering equipoment service business started and grew together with STEL Order.<\/p>\n\n<\/div>\n\n<div class=\"gb-container gb-container-7691ab70\">\n\n<a class=\"gb-button gb-button-74caf61a gb-button-text\" href=\"https:\/\/www.stelorder.com\/erp\/software-sat-servicio-tecnico\/jmc\/\">Read more<\/a>\n\n<\/div>\n<\/div>\n<\/div>\n\n<div class=\"gb-container gb-container-56be8c46\" id=\"palfinger\">\n\n<figure class=\"wp-block-image size-full\"><a data-fslightbox=\"\" href=\"https:\/\/www.youtube.com\/watch?v=3ji6qYYoy5w?autoplay=1&#038;rel=0&#038;autohide=1&#038;showinfo=0\" rel=\"nofollow noopener\" target=\"_blank\"><img decoding=\"async\" width=\"690\" height=\"388\" src=\"https:\/\/www.stelorder.com\/wp-content\/uploads\/2023\/05\/portada-palfinger-cde.png\" alt=\"\" class=\"wp-image-29589\" srcset=\"https:\/\/www.stelorder.com\/wp-content\/uploads\/2023\/05\/portada-palfinger-cde.png 690w, https:\/\/www.stelorder.com\/wp-content\/uploads\/2023\/05\/portada-palfinger-cde-300x169.png 300w, https:\/\/www.stelorder.com\/wp-content\/uploads\/2023\/05\/portada-palfinger-cde-150x84.png 150w\" sizes=\"(max-width: 690px) 100vw, 690px\" \/><\/a><\/figure>\n\n\n<div class=\"gb-container gb-container-5d832e6e\">\n<div class=\"gb-container gb-container-53a58206\">\n\n<h2 class=\"gb-headline gb-headline-907b0752 gb-headline-text cl-h2\">Palfinger Murcia<\/h2>\n\n\n\n<p class=\"gb-headline gb-headline-026bf5f9 gb-headline-text cl-h10\">Marcos L\u00f3pez is the owner of this Palfinger authorized service provider and reseller in Murcia.<\/p>\n\n<\/div>\n\n<div class=\"gb-container gb-container-e5152eae\">\n\n<a class=\"gb-button gb-button-4ba95124 gb-button-text\" href=\"https:\/\/www.stelorder.com\/erp\/software-sat-servicio-tecnico\/palfinger\/\">Read more<\/a>\n\n<\/div>\n<\/div>\n<\/div>\n<\/div>\n<\/div><div class=\"gb-container gb-container-093701bc\" id=\"distribucion\">\n<div class=\"gb-container gb-container-4135c22e\">\n<div class=\"gb-container gb-container-7f195a77\">\n\n<h2 class=\"gb-headline gb-headline-e8757be4 gb-headline-text cl-max-16-chars cl-text-align-left cl-h3\">Sales distribution<\/h2>\n\n\n<div class=\"gb-container gb-container-462951c3\" id=\"manjares\">\n<div class=\"gb-container gb-container-ab0d8afe\">\n\n<figure class=\"wp-block-image size-full\"><a data-fslightbox=\"\" href=\"https:\/\/www.youtube.com\/watch?v=ruB50gexU8s?autoplay=1&#038;rel=0&#038;autohide=1&#038;showinfo=0\" rel=\"nofollow noopener\" target=\"_blank\"><img decoding=\"async\" width=\"690\" height=\"388\" src=\"https:\/\/www.stelorder.com\/wp-content\/uploads\/2023\/05\/portada-manjares-cde-1.png\" alt=\"\" class=\"wp-image-29656\" srcset=\"https:\/\/www.stelorder.com\/wp-content\/uploads\/2023\/05\/portada-manjares-cde-1.png 690w, https:\/\/www.stelorder.com\/wp-content\/uploads\/2023\/05\/portada-manjares-cde-1-300x169.png 300w, https:\/\/www.stelorder.com\/wp-content\/uploads\/2023\/05\/portada-manjares-cde-1-150x84.png 150w\" sizes=\"(max-width: 690px) 100vw, 690px\" \/><\/a><\/figure>\n\n<\/div>\n\n<div class=\"gb-container gb-container-99f5b6bd\">\n\n<h2 class=\"gb-headline gb-headline-a7382a4a gb-headline-text cl-h2\">Mi\u00f1ano and Zapata, Manjares ecol\u00f3gicos<\/h2>\n\n\n\n<p class=\"gb-headline gb-headline-d1b477eb gb-headline-text cl-h10\">La empresa &#8216;Tradici\u00f3n en Relojes y Campanas&#8217; llevan casi 30 a\u00f1os cuidando de los campanarios de muchos de los edificios m\u00e1s emblem\u00e1ticos de nuestras ciudades.<\/p>\n\n\n\n<a class=\"gb-button gb-button-f8715af9 gb-button-text\" href=\"https:\/\/www.stelorder.com\/erp\/software-gestion-comercial\/minano-y-zapata\/\">Read more<\/a>\n\n<\/div>\n<\/div>\n<\/div>\n<\/div>\n<\/div><div class=\"gb-container gb-container-ee6ebd89\" id=\"informatica\">\n<div class=\"gb-container gb-container-72aa47c3\">\n<div class=\"gb-container gb-container-482c6e59\">\n\n<h2 class=\"gb-headline gb-headline-63ce2ec2 gb-headline-text cl-max-16-chars cl-text-align-left cl-h3\">IT<\/h2>\n\n\n<div class=\"gb-container gb-container-c130452b\">\n<div class=\"gb-container gb-container-f83da054\" id=\"wipoid\">\n<div class=\"gb-container gb-container-5deedf68\">\n\n<figure class=\"wp-block-image size-full\"><a data-fslightbox=\"\" href=\"https:\/\/www.youtube.com\/watch?v=9JOLq3AR2I?autoplay=1&#038;rel=0&#038;autohide=1&#038;showinfo=0\" rel=\"nofollow noopener\" target=\"_blank\"><img decoding=\"async\" src=\"https:\/\/www.stelorder.com\/wp-content\/uploads\/2023\/07\/portada-wipoid.png\" alt=\"\" class=\"wp-image-29516\"\/><\/a><\/figure>\n\n<\/div>\n\n<div class=\"gb-container gb-container-1806f5f1\">\n\n<h2 class=\"gb-headline gb-headline-aea2fcdd gb-headline-text cl-h2\">Wipoid<\/h2>\n\n\n\n<p class=\"gb-headline gb-headline-fd8b49c8 gb-headline-text cl-h10\">Wipoid&#8217;s website Manager shares the keys to success for their ecommerce platform specialized in selling computer parts and Wipoid&#8217;s collaboration with STEL Order to provide better customer service.<\/p>\n\n\n\n<a class=\"gb-button gb-button-8703e5c7 gb-button-text\" href=\"https:\/\/www.stelorder.com\/erp\/informatica\/wipoid\/\">Read more<\/a>\n\n<\/div>\n<\/div>\n\n<div class=\"gb-container gb-container-7a2a05c8\" id=\"hermoit\">\n<div class=\"gb-container gb-container-d1ed98a2\">\n\n<figure class=\"wp-block-image size-full\"><a data-fslightbox=\"\" href=\"https:\/\/www.youtube.com\/watch?v=b-tBuT9Z0B8?autoplay=1&#038;rel=0&#038;autohide=1&#038;showinfo=0\" rel=\"nofollow noopener\" target=\"_blank\"><img decoding=\"async\" width=\"690\" height=\"388\" src=\"https:\/\/www.stelorder.com\/wp-content\/uploads\/2023\/05\/portada-hermoit-cde.png\" alt=\"\" class=\"wp-image-29641\" srcset=\"https:\/\/www.stelorder.com\/wp-content\/uploads\/2023\/05\/portada-hermoit-cde.png 690w, https:\/\/www.stelorder.com\/wp-content\/uploads\/2023\/05\/portada-hermoit-cde-300x169.png 300w, https:\/\/www.stelorder.com\/wp-content\/uploads\/2023\/05\/portada-hermoit-cde-150x84.png 150w\" sizes=\"(max-width: 690px) 100vw, 690px\" \/><\/a><\/figure>\n\n<\/div>\n\n<div class=\"gb-container gb-container-27241e96\">\n\n<h2 class=\"gb-headline gb-headline-0af693cc gb-headline-text cl-h2\">Hermoit<\/h2>\n\n\n\n<p class=\"gb-headline gb-headline-45003ed5 gb-headline-text cl-h10\">This video tells the story of Hermoit, a Mexican company that provides technology infrastructure and applied solutions.<\/p>\n\n\n\n<a class=\"gb-button gb-button-d28c21c3 gb-button-text\" href=\"https:\/\/www.stelorder.com\/erp\/informatica\/hermoit\/\">Read more<\/a>\n\n<\/div>\n<\/div>\n<\/div>\n<\/div>\n<\/div>\n<\/div><div class=\"gb-container gb-container-1043b8a4\" id=\"obras\">\n<div class=\"gb-container gb-container-9af8f7fa\">\n<div class=\"gb-container gb-container-8702fb67\">\n\n<h2 class=\"gb-headline gb-headline-3935edd6 gb-headline-text cl-max-16-chars cl-text-align-left cl-h3\">Construction and remodeling<\/h2>\n\n\n<div class=\"gb-container gb-container-ecc67ebf\" id=\"enna\">\n<div class=\"gb-container gb-container-f92bc5a7\">\n\n<figure class=\"wp-block-image size-full\"><a data-fslightbox=\"\" href=\"https:\/\/www.youtube.com\/watch?v=10CGRq9ubN0?autoplay=1&#038;rel=0&#038;autohide=1&#038;showinfo=0\" rel=\"nofollow noopener\" target=\"_blank\"><img decoding=\"async\" width=\"690\" height=\"388\" src=\"https:\/\/www.stelorder.com\/wp-content\/uploads\/2023\/05\/portada-enna-cde.png\" alt=\"\" class=\"wp-image-29636\" srcset=\"https:\/\/www.stelorder.com\/wp-content\/uploads\/2023\/05\/portada-enna-cde.png 690w, https:\/\/www.stelorder.com\/wp-content\/uploads\/2023\/05\/portada-enna-cde-300x169.png 300w, https:\/\/www.stelorder.com\/wp-content\/uploads\/2023\/05\/portada-enna-cde-150x84.png 150w\" sizes=\"(max-width: 690px) 100vw, 690px\" \/><\/a><\/figure>\n\n<\/div>\n\n<div class=\"gb-container gb-container-94e599b4\">\n\n<h2 class=\"gb-headline gb-headline-49ae8749 gb-headline-text cl-h2\">ENNA<\/h2>\n\n\n\n<p class=\"gb-headline gb-headline-d6910f4c gb-headline-text cl-h10\">ENNA installs electric and telecom systems and has been using STEL Order as a key part of their business management strategy for years.<\/p>\n\n\n\n<a class=\"gb-button gb-button-7fdd99c1 gb-button-text\" href=\"https:\/\/www.stelorder.com\/erp\/construccion\/enna\/\">Read more<\/a>\n\n<\/div>\n<\/div>\n<\/div>\n<\/div>\n<\/div><div class=\"gb-container gb-container-15a7bfe5\" id=\"climatizacion\">\n<div class=\"gb-container gb-container-f70c6bbe\">\n<div class=\"gb-container gb-container-5468fac4\">\n\n<h2 class=\"gb-headline gb-headline-a22cdf3c gb-headline-text cl-max-16-chars cl-text-align-left cl-h3\">HVAC<\/h2>\n\n\n<div class=\"gb-container gb-container-99f413f6\" id=\"servifrio\">\n<div class=\"gb-container gb-container-df8ba21f\">\n\n<figure class=\"wp-block-image size-full\"><a data-fslightbox=\"\" href=\"https:\/\/www.youtube.com\/watch?v=NBj3r7QU5kA?autoplay=1&#038;rel=0&#038;autohide=1&#038;showinfo=0\" rel=\"nofollow noopener\" target=\"_blank\"><img decoding=\"async\" width=\"690\" height=\"388\" src=\"https:\/\/www.stelorder.com\/wp-content\/uploads\/2023\/05\/portada-servifrio-cde-1.png\" alt=\"\" class=\"wp-image-29651\" srcset=\"https:\/\/www.stelorder.com\/wp-content\/uploads\/2023\/05\/portada-servifrio-cde-1.png 690w, https:\/\/www.stelorder.com\/wp-content\/uploads\/2023\/05\/portada-servifrio-cde-1-300x169.png 300w, https:\/\/www.stelorder.com\/wp-content\/uploads\/2023\/05\/portada-servifrio-cde-1-150x84.png 150w\" sizes=\"(max-width: 690px) 100vw, 690px\" \/><\/a><\/figure>\n\n<\/div>\n\n<div class=\"gb-container gb-container-585dc2eb\">\n\n<h2 class=\"gb-headline gb-headline-684f5059 gb-headline-text cl-h2\">Servifr\u00edo Refrigeraci\u00f3n, S.L<\/h2>\n\n\n\n<p class=\"gb-headline gb-headline-cab37df9 gb-headline-text cl-h10\">Diego Vicente Arnau, the owner of Servifr\u00edo, tells the story of his HVAC installation, repair, service, and equipment sales business.<\/p>\n\n\n\n<a class=\"gb-button gb-button-76a8bea3 gb-button-text\" href=\"https:\/\/www.stelorder.com\/erp\/software-sat-servicio-tecnico\/servifrio\/\">Read more<\/a>\n\n<\/div>\n<\/div>\n<\/div>\n<\/div>\n<\/div><div class=\"gb-container gb-container-76b5900d\" id=\"agencias\">\n<div class=\"gb-container gb-container-011ee948\">\n<div class=\"gb-container gb-container-19516947\">\n\n<h2 class=\"gb-headline gb-headline-9a75153b gb-headline-text cl-max-16-chars cl-text-align-left cl-h3\">Advertising and Marketing<\/h2>\n\n\n<div class=\"gb-container gb-container-c09aa769\" id=\"taberna\">\n<div class=\"gb-container gb-container-4bf7f859\">\n\n<figure class=\"wp-block-image size-full\"><a data-fslightbox=\"\" href=\"https:\/\/www.youtube.com\/watch?v=fE-IVhax5WQ?autoplay=1&#038;rel=0&#038;autohide=1&#038;showinfo=0\" rel=\"nofollow noopener\" target=\"_blank\"><img decoding=\"async\" width=\"690\" height=\"388\" src=\"https:\/\/www.stelorder.com\/wp-content\/uploads\/2023\/05\/portada-bar-cde.png\" alt=\"\" class=\"wp-image-29626\" srcset=\"https:\/\/www.stelorder.com\/wp-content\/uploads\/2023\/05\/portada-bar-cde.png 690w, https:\/\/www.stelorder.com\/wp-content\/uploads\/2023\/05\/portada-bar-cde-300x169.png 300w, https:\/\/www.stelorder.com\/wp-content\/uploads\/2023\/05\/portada-bar-cde-150x84.png 150w\" sizes=\"(max-width: 690px) 100vw, 690px\" \/><\/a><\/figure>\n\n<\/div>\n\n<div class=\"gb-container gb-container-f566e297\">\n\n<h2 class=\"gb-headline gb-headline-97c157ba gb-headline-text cl-h2\">BAR Taberna de Ideas<\/h2>\n\n\n\n<p class=\"gb-headline gb-headline-8dcfb36e gb-headline-text cl-h10\">Bar Taberna de Ideas is devoted to emotional businesses and emotional communication. Laura Amante is the CEO and food consultant and in this video she explains how STEL Order helped to transform her business.<\/p>\n\n\n\n<a class=\"gb-button gb-button-8a42580d gb-button-text\" href=\"https:\/\/www.stelorder.com\/erp\/software-gestion-comercial\/bar-taberna-de-ideas\/\">Read more<\/a>\n\n<\/div>\n<\/div>\n<\/div>\n<\/div>\n<\/div>","protected":false},"excerpt":{"rendered":"<p>Success stories Success stories Choose your industry Field services Tradici\u00f3n en Relojes y Campanas Tradici\u00f3n en Relojes y Campanas has been caring for the bell &#8230; <a title=\"Success stories\" class=\"read-more\" href=\"https:\/\/www.stelorder.com\/en\/erp\/success-stories\/\" aria-label=\"Read more about Success stories\">Leer<\/a><\/p>\n","protected":false},"author":4,"featured_media":11658,"parent":1122,"menu_order":0,"comment_status":"closed","ping_status":"closed","template":"","meta":{"_acf_changed":false,"inline_featured_image":false,"footnotes":""},"class_list":{"0":"post-20556","1":"page","2":"type-page","3":"status-publish","4":"has-post-thumbnail","6":"no-featured-image-padding"},"acf":[],"_links":{"self":[{"href":"https:\/\/www.stelorder.com\/en\/wp-json\/wp\/v2\/pages\/20556","targetHints":{"allow":["GET"]}}],"collection":[{"href":"https:\/\/www.stelorder.com\/en\/wp-json\/wp\/v2\/pages"}],"about":[{"href":"https:\/\/www.stelorder.com\/en\/wp-json\/wp\/v2\/types\/page"}],"author":[{"embeddable":true,"href":"https:\/\/www.stelorder.com\/en\/wp-json\/wp\/v2\/users\/4"}],"replies":[{"embeddable":true,"href":"https:\/\/www.stelorder.com\/en\/wp-json\/wp\/v2\/comments?post=20556"}],"version-history":[{"count":0,"href":"https:\/\/www.stelorder.com\/en\/wp-json\/wp\/v2\/pages\/20556\/revisions"}],"up":[{"embeddable":true,"href":"https:\/\/www.stelorder.com\/en\/wp-json\/wp\/v2\/pages\/1122"}],"wp:featuredmedia":[{"embeddable":true,"href":"https:\/\/www.stelorder.com\/en\/wp-json\/wp\/v2\/media\/11658"}],"wp:attachment":[{"href":"https:\/\/www.stelorder.com\/en\/wp-json\/wp\/v2\/media?parent=20556"}],"curies":[{"name":"wp","href":"https:\/\/api.w.org\/{rel}","templated":true}]}}