{"id":1458,"date":"2021-08-16T16:09:56","date_gmt":"2021-08-16T14:09:56","guid":{"rendered":"https:\/\/www.stelorder.com\/commandes-de-travail\/"},"modified":"2023-12-05T16:56:21","modified_gmt":"2023-12-05T15:56:21","slug":"commandes-de-travail","status":"publish","type":"page","link":"https:\/\/www.stelorder.com\/fr\/commandes-de-travail\/","title":{"rendered":"Bon de travail"},"content":{"rendered":"<div class=\"gb-container gb-container-8ef4d746\">\n<div class=\"gb-container gb-container-ff8884ed cl-padding-hero\">\n<div class=\"gb-container gb-container-8cf0ea75\">\n\n<h1 class=\"gb-headline gb-headline-67de83cf gb-headline-text cl-h2\">Gestion int\u00e9gr\u00e9e des ordres de travail<\/h1>\n\n\n\n<p class=\"gb-headline gb-headline-67096691 gb-headline-text cl-h10\">Cr\u00e9ez et attribuez intelligemment des ordres de travail, \u00e9conomisant du temps et augmentant votre productivit\u00e9.<\/p>\n\n\n\n<p class=\"gb-headline gb-headline-3d5403f4 gb-headline-text\"><a href=\"https:\/\/www.stelorder.com\/fr\/soliciter-une-demonstration\/\" data-type=\"page\" data-id=\"175\">Demandez une d\u00e9monstration personnalis\u00e9e gratuite -&gt;<\/a><\/p>\n\n\n<div class=\"gb-button-wrapper gb-button-wrapper-62553c37\">\n\n<span class=\"gb-button gb-button-318cd016 gb-button-text cl-btn-try\" target=\"_blank\" rel=\"noopener noreferrer\">Essai GRATUIT<\/span>\n\n<\/div>\n<\/div>\n\n<div class=\"gb-container gb-container-7d436a74\">\n\n<figure class=\"gb-block-image gb-block-image-aeddb0ce\"><img decoding=\"async\" class=\"gb-image gb-image-aeddb0ce\" src=\"https:\/\/www.stelorder.com\/wp-content\/uploads\/2023\/12\/new-hero-work-orders-1.png\" alt=\"\" title=\"Aplicaci\u00f3n para gestionar partes de trabajo eficazmente \u2714\"><\/figure>\n\n<\/div>\n<\/div>\n\n<div class=\"gb-container gb-container-54848ceb\">\n<div class=\"gb-container gb-container-e78af180\">\n<div class=\"gb-container gb-container-21dbeef8\">\n\n<figure class=\"gb-block-image gb-block-image-718fc1ef\"><img decoding=\"async\" width=\"91\" height=\"90\" class=\"gb-image gb-image-718fc1ef\" src=\"https:\/\/www.stelorder.com\/wp-content\/uploads\/2023\/07\/servifrio.png\" alt=\"\" title=\"servifrio\"><\/figure>\n\n<\/div>\n\n<div class=\"gb-container gb-container-f48ee406\">\n\n<p class=\"gb-headline gb-headline-a02391bc gb-headline-text\">Diego Vicente Arnau<\/p>\n\n\n\n<figure class=\"gb-block-image gb-block-image-40036df5\"><img decoding=\"async\" width=\"78\" height=\"13\" class=\"gb-image gb-image-40036df5\" src=\"https:\/\/www.stelorder.com\/wp-content\/uploads\/\/Estrellas-5-verde.svg\" alt=\"\" title=\"Estrellas-5-verde\"><\/figure>\n\n<\/div>\n<\/div>\n\n\n<p class=\"gb-headline gb-headline-e4ab3294 gb-headline-text cl-h3\">\u00ab\u00a0STEL Order m&rsquo;aide \u00e9norm\u00e9ment car il me permet d&rsquo;avoir tout ce dont j&rsquo;ai besoin pour mon entreprise \u00e0 port\u00e9e de main.\u00a0\u00bb<\/p>\n\n\n\n<a class=\"gb-button gb-button-df03f747 gb-button-text\" href=\"https:\/\/www.stelorder.com\/erp\/software-sat-servicio-tecnico\/servifrio\/\">Voir l&rsquo;\u00e9tude de cas de r\u00e9ussite<\/a>\n\n\n<div class=\"gb-container gb-container-43415781\">\n\n<figure class=\"gb-block-image gb-block-image-e583e6eb\"><img decoding=\"async\" width=\"177\" height=\"29\" class=\"gb-image gb-image-e583e6eb\" src=\"https:\/\/www.stelorder.com\/wp-content\/uploads\/\/Estrellas-475.svg\" alt=\"\" title=\"Estrellas-4,75\"><\/figure>\n\n\n\n<p class=\"gb-headline gb-headline-e2ef07cf gb-headline-text\">avec plus de 1500 avis r\u00e9els <\/p>\n\n\n<div class=\"gb-container gb-container-ea67147e\">\n\n<figure class=\"gb-block-image gb-block-image-4654fe03\"><a href=\"https:\/\/play.google.com\/store\/apps\/details?id=com.stel.order&amp;hl=es&amp;gl=US\" rel=\"nofollow noopener\" target=\"_blank\"><img decoding=\"async\" width=\"37\" height=\"37\" class=\"gb-image gb-image-4654fe03\" src=\"https:\/\/www.stelorder.com\/wp-content\/uploads\/\/Icono-Google-Play-ES.svg\" alt=\"\" title=\"Icono-Google-Play-ES\"><\/a><\/figure>\n\n\n\n<figure class=\"gb-block-image gb-block-image-372ae4bb\"><a href=\"https:\/\/apps.apple.com\/es\/app\/stel-order-facturas-crm-erp\/id1234534324\" rel=\"nofollow noopener\" target=\"_blank\"><img decoding=\"async\" width=\"38\" height=\"37\" class=\"gb-image gb-image-372ae4bb\" src=\"https:\/\/www.stelorder.com\/wp-content\/uploads\/\/Icono-App-Store-ES.svg\" alt=\"\" title=\"Icono-App-Store-ES\"><\/a><\/figure>\n\n<\/div>\n<\/div>\n<\/div>\n\n<div class=\"gb-container gb-container-5e6b46fa\">\n\n<h2 class=\"gb-headline gb-headline-03af794f\"><span class=\"gb-icon\"><svg xmlns=\"http:\/\/www.w3.org\/2000\/svg\" fill=\"none\" viewbox=\"0 0 48 50\" height=\"50\" width=\"48\"> <path fill=\"#FD893A\" d=\"M10 23.5C9.17157 23.5 8.5 24.1716 8.5 25C8.5 25.8284 9.17157 26.5 10 26.5L10 23.5ZM39.0607 26.0607C39.6464 25.4749 39.6464 24.5251 39.0607 23.9393L29.5147 14.3934C28.9289 13.8076 27.9792 13.8076 27.3934 14.3934C26.8076 14.9792 26.8076 15.9289 27.3934 16.5147L35.8787 25L27.3934 33.4853C26.8076 34.0711 26.8076 35.0208 27.3934 35.6066C27.9792 36.1924 28.9289 36.1924 29.5147 35.6066L39.0607 26.0607ZM10 26.5L38 26.5L38 23.5L10 23.5L10 26.5Z\"><\/path> <\/svg><\/span><span class=\"gb-headline-text\">Contr\u00f4le optimis\u00e9 des pi\u00e8ces de travail et bien <em>plus<\/em> encore<\/span><\/h2>\n\n\n<div class=\"gb-container gb-container-d99e730c\">\n<div class=\"gb-container gb-container-bcfed125\">\n\n<figure class=\"gb-block-image gb-block-image-ffeeaee8\"><img decoding=\"async\" class=\"gb-image gb-image-ffeeaee8\" src=\"https:\/\/www.stelorder.com\/wp-content\/uploads\/2023\/12\/how-to-create-work-order-1-1.png\" alt=\"\" title=\"Comment cr\u00e9er un ordre de travail et l'assigner\"><\/figure>\n\n<\/div>\n\n<div class=\"gb-container gb-container-ffdb8246\">\n\n<h2 class=\"gb-headline gb-headline-f1e82141 gb-headline-text cl-h3\">Cr\u00e9ez le rapport de travail et attribuez-le \u00e0 votre \u00e9quipe.<\/h2>\n\n\n\n<p class=\"gb-headline gb-headline-1717eb21 gb-headline-text\">Cr\u00e9ez des ordres de travail avec tous les d\u00e9tails pertinents du client, le service \u00e0 r\u00e9aliser, puis attribuez-les aux membres de votre \u00e9quipe que vous estimez appropri\u00e9s. <br><br>Cr\u00e9ez des ordres de travail avec tous les d\u00e9tails pertinents du client, le service \u00e0 r\u00e9aliser, puis attribuez-les aux membres de votre \u00e9quipe que vous estimez appropri\u00e9s. Ces incidents sont directement attribu\u00e9s \u00e0 vos employ\u00e9s, qui peuvent ensuite g\u00e9n\u00e9rer facilement et rapidement un ordre de travail \u00e0 partir de l&rsquo;incident re\u00e7u.<br><br>Gagnez du temps dans l&rsquo;administration de vos ordres de travail.<\/p>\n\n<\/div>\n<\/div>\n\n<div class=\"gb-container gb-container-1127eed3\">\n<div class=\"gb-container gb-container-e01af502\">\n\n<h2 class=\"gb-headline gb-headline-550d2f10 gb-headline-text cl-h3\">Am\u00e9liorer la documentation de vos rapports de travail<\/h2>\n\n\n\n<p class=\"gb-headline gb-headline-2e12df29 gb-headline-text\">Une fois que le technicien a effectu\u00e9 le travail, il peut inclure les informations n\u00e9cessaires pour cr\u00e9er un ordre de travail complet et de qualit\u00e9.<br><br>Il comprend toutes les informations sur les mat\u00e9riaux utilis\u00e9s, les produits vendus ou les services tels que la main-d&rsquo;\u0153uvre et le montant de celle-ci.<br><br>Vous pouvez recueillir la signature et la pi\u00e8ce d&rsquo;identit\u00e9 du client, et m\u00eame documenter son intervention \u00e0 l&rsquo;aide de photos, de vid\u00e9os ou d&rsquo;audios.<br><br>Une fois qu&rsquo;il est ferm\u00e9 et sign\u00e9, les mat\u00e9riaux utilis\u00e9s sont mis \u00e0 jour dans le stock des produits de votre entreprise.<\/p>\n\n<\/div>\n\n<div class=\"gb-container gb-container-87c99589\">\n\n<figure class=\"gb-block-image gb-block-image-d6620beb\"><img decoding=\"async\" width=\"572\" height=\"439\" class=\"gb-image gb-image-d6620beb\" src=\"https:\/\/www.stelorder.com\/wp-content\/uploads\/2023\/07\/mejora-la-documentacion-de-partes-de-trabajo.png\" alt=\"\" title=\"Am\u00e9liore la documentation des ordres de travail\"><\/figure>\n\n<\/div>\n<\/div>\n<\/div>\n\n<div class=\"gb-container gb-container-5eda48c8\">\n<div class=\"gb-container gb-container-4d4705b3\">\n\n<figure class=\"gb-block-image gb-block-image-42bd7fe5\"><img decoding=\"async\" class=\"gb-image gb-image-42bd7fe5\" src=\"https:\/\/www.stelorder.com\/wp-content\/uploads\/2023\/12\/work-order-preventive-maintenance-1.png\" alt=\"\" title=\"Ordres de travail de maintenance\"><\/figure>\n\n\n\n<h2 class=\"gb-headline gb-headline-eb7640b1 gb-headline-text cl-h3\">Contr\u00f4lez efficacement vos t\u00e2ches de maintenance et vos t\u00e2ches r\u00e9currentes.<\/h2>\n\n\n\n<p class=\"gb-headline gb-headline-d2022ba9 gb-headline-text\">Vous pouvez g\u00e9rer un nombre illimit\u00e9 de machines ou d&rsquo;autres actifs chez les clients de mani\u00e8re efficace pour les maintenances correctives ou pr\u00e9ventives.<br><br>Avec STEL Order, vous pouvez enrichir votre ordre de travail de maintenance avec toutes les informations dont vous avez besoin, des num\u00e9ros de s\u00e9rie, des marques, des garanties, jusqu&rsquo;\u00e0 tous les documents joints dont vous avez besoin.<br><br>Ne perdez pas de temps.<br><br>Automatisez la gestion et la facturation r\u00e9currente de ces maintenances en cr\u00e9ant des t\u00e2ches automatiques qui vous aident avec des listes de contr\u00f4le ou avec la facturation \u00e0 l&rsquo;heure de votre choix.<\/p>\n\n<\/div>\n\n<div class=\"gb-container gb-container-78190de2\">\n\n<figure class=\"gb-block-image gb-block-image-65a74a96\"><img decoding=\"async\" class=\"gb-image gb-image-65a74a96\" src=\"https:\/\/www.stelorder.com\/wp-content\/uploads\/2023\/12\/agenda-y-gps-en-los-partes-de-trabajo-2.png\" alt=\"\" title=\"Agenda et GPS dans les ordres de travail\"><\/figure>\n\n\n\n<h2 class=\"gb-headline gb-headline-690f106d gb-headline-text cl-h3\">Planifiez vos horaires de travail et g\u00e9rez votre \u00e9quipe gr\u00e2ce au GPS<\/h2>\n\n\n\n<p class=\"gb-headline gb-headline-b3ba829b gb-headline-text\">Attribuez rapidement le bon de travail relatif \u00e0 une nouvelle incidence ou \u00e0 un entretien pr\u00e9ventif \u00e0 n&rsquo;importe quel technicien de votre \u00e9quipe.<br><br>Vous pouvez voir en temps r\u00e9el la localisation GPS de vos employ\u00e9s pour attribuer les incidents et offrir un meilleur service tout en am\u00e9liorant la productivit\u00e9 du reste de votre \u00e9quipe.<br><br>Cr\u00e9ez plusieurs calendriers pour chacun de vos employ\u00e9s, qui recevront une notification \u00e0 chaque fois que vous leur attribuez un ordre de travail ou toute autre t\u00e2che, et joignez les documents importants.<\/p>\n\n<\/div>\n<\/div>\n\n<div class=\"gb-container gb-container-2b7a4774\">\n<div class=\"gb-container gb-container-d5754591\">\n<div class=\"gb-container gb-container-6573ebe0\">\n\n<figure class=\"gb-block-image gb-block-image-166f98b8\"><img decoding=\"async\" width=\"1650\" height=\"928\" class=\"gb-image gb-image-166f98b8\" src=\"https:\/\/www.stelorder.com\/wp-content\/uploads\/2023\/07\/servifrio-haciendo-parte-de-trabajo.jpg\" alt=\"\" title=\"servifrio en train de cr\u00e9er un ordre de travail\"><\/figure>\n\n<\/div>\n\n<div class=\"gb-container gb-container-ba6547d7\">\n\n<h2 class=\"gb-headline gb-headline-5fd7cc51 gb-headline-text\">Pas seulement des ordres de travail<\/h2>\n\n\n\n<p class=\"gb-headline gb-headline-bc5c53cd gb-headline-text\">Avec STEL Order, vous pouvez g\u00e9rer vos clients, catalogues de produits et services. De plus, cr\u00e9ez vos devis et convertissez-les ensuite en ordres de travail, puis en factures en un seul clic.<\/p>\n\n<\/div>\n<\/div>\n<\/div>\n\n<div class=\"gb-container gb-container-6d91c9da\">\n<div class=\"gb-container gb-container-aae9e255\">\n<div class=\"gb-container gb-container-f496a496\">\n\n<h2 class=\"gb-headline gb-headline-8f81b7c4 gb-headline-text cl-h3\">Int\u00e9grer vos pi\u00e8ces de travail dans des projets plus vastes<\/h2>\n\n\n\n<p class=\"gb-headline gb-headline-7d25bec8 gb-headline-text\">Cr\u00e9ez un projet et attribuez des devis, des ordres de travail, des mat\u00e9riaux, des d\u00e9penses et des heures de travail pour am\u00e9liorer votre tra\u00e7abilit\u00e9.<br><br>Suivez en d\u00e9tail la rentabilit\u00e9 de votre entreprise en observant toutes les d\u00e9penses et les revenus lorsqu&rsquo;ils sont imput\u00e9s et qui les effectue.<br><br>D\u00e9tectez facilement les \u00e9carts dans les revenus ou les d\u00e9penses du projet.<br><br>Int\u00e9grez le projet dans l&rsquo;agenda de vos employ\u00e9s pour savoir quand ils doivent r\u00e9aliser leurs bons de livraison ou leurs ordres de travail.<\/p>\n\n<\/div>\n\n<div class=\"gb-container gb-container-7071d5aa\">\n\n<figure class=\"gb-block-image gb-block-image-ff61d433\"><img decoding=\"async\" width=\"572\" height=\"440\" class=\"gb-image gb-image-ff61d433\" src=\"https:\/\/www.stelorder.com\/wp-content\/uploads\/2023\/07\/partes-de-trabajo-en-proyectos.png\" alt=\"\" title=\"ordres de travail dans les projets\" srcset=\"https:\/\/www.stelorder.com\/wp-content\/uploads\/2023\/07\/partes-de-trabajo-en-proyectos.png 572w, https:\/\/www.stelorder.com\/wp-content\/uploads\/2023\/07\/partes-de-trabajo-en-proyectos-300x231.png 300w\" sizes=\"(max-width: 572px) 100vw, 572px\" \/><\/figure>\n\n<\/div>\n<\/div>\n<\/div>\n\n<div class=\"gb-container gb-container-8038b43f\">\n<div class=\"gb-container gb-container-bd93be88\">\n<div class=\"gb-container gb-container-820ac951\">\n\n<figure class=\"gb-block-image gb-block-image-c385ed8e\"><img decoding=\"async\" width=\"563\" height=\"439\" class=\"gb-image gb-image-c385ed8e\" src=\"https:\/\/www.stelorder.com\/wp-content\/uploads\/2023\/07\/revision-de-la-rentabilidad-del-parte-de-trabajo.png\" alt=\"\" title=\"r\u00e9vision de la rentabilit\u00e9 de l'ordre de travail\" srcset=\"https:\/\/www.stelorder.com\/wp-content\/uploads\/2023\/07\/revision-de-la-rentabilidad-del-parte-de-trabajo.png 563w, https:\/\/www.stelorder.com\/wp-content\/uploads\/2023\/07\/revision-de-la-rentabilidad-del-parte-de-trabajo-300x234.png 300w\" sizes=\"(max-width: 563px) 100vw, 563px\" \/><\/figure>\n\n<\/div>\n\n<div class=\"gb-container gb-container-0b227ad1\">\n\n<h2 class=\"gb-headline gb-headline-6c4f5721 gb-headline-text cl-h3\">Examinez votre rentabilit\u00e9 et contr\u00f4lez qui peut la consulter<\/h2>\n\n\n\n<p class=\"gb-headline gb-headline-403bacc7 gb-headline-text\">Une fois que l&rsquo;ordre de travail a \u00e9t\u00e9 effectu\u00e9, y compris les heures, les mat\u00e9riaux et les produits, ainsi que la signature du client, vous pouvez voir en un coup d&rsquo;\u0153il la rentabilit\u00e9 finale par rapport au budget.<br><br>Personnalisez les r\u00f4les de vos employ\u00e9s pour d\u00e9terminer qui peut voir, modifier, cr\u00e9er ou supprimer n&rsquo;importe quel type de document.<br><br>G\u00e9rez votre entreprise en attribuant des r\u00f4les selon le d\u00e9partement commercial, administratif ou technique, enti\u00e8rement personnalisables \u00e0 votre convenance.<\/p>\n\n<\/div>\n<\/div>\n<\/div>\n\n<div class=\"gb-container gb-container-be65af82\">\n<div class=\"gb-container gb-container-de94dab6\">\n<div class=\"gb-container gb-container-968733c4\">\n\n<figure class=\"gb-block-image gb-block-image-a6b77f9a\"><img decoding=\"async\" width=\"555\" height=\"426\" class=\"gb-image gb-image-a6b77f9a\" src=\"https:\/\/www.stelorder.com\/wp-content\/uploads\/2023\/07\/facturar-parte-de-trabajo.png\" alt=\"\" title=\"Facturer un ordre de travail\" srcset=\"https:\/\/www.stelorder.com\/wp-content\/uploads\/2023\/07\/facturar-parte-de-trabajo.png 555w, https:\/\/www.stelorder.com\/wp-content\/uploads\/2023\/07\/facturar-parte-de-trabajo-300x230.png 300w\" sizes=\"(max-width: 555px) 100vw, 555px\" \/><\/figure>\n\n\n\n<h2 class=\"gb-headline gb-headline-914b23e6 gb-headline-text cl-h3\">Facturez et envoyez vos rapports de travail rapidement et facilement.<\/h2>\n\n\n\n<p class=\"gb-headline gb-headline-4dc98c2c gb-headline-text\">\u00c0 la fin du bon de livraison ou de l&rsquo;ordre de travail, vous pouvez cr\u00e9er la facture associ\u00e9e en un seul clic, car toutes les heures, les mat\u00e9riaux utilis\u00e9s et les donn\u00e9es du client seront automatiquement copi\u00e9s. De plus, vous pourrez le faire depuis les installations du client ou depuis le bureau, en un clic.<br><br>Augmentez votre productivit\u00e9 et r\u00e9duisez vos co\u00fbts.<br><\/p>\n\n\n\n<p class=\"gb-headline gb-headline-c6b12f96 gb-headline-text\">Envoyez-la par courrier \u00e9lectronique avec accus\u00e9 de r\u00e9ception pour savoir si votre client l&rsquo;a consult\u00e9e.<br><br>Incluez les informations bancaires pour effectuer le paiement ou collectez en ligne par carte de cr\u00e9dit ou PayPal.<\/p>\n\n<\/div>\n\n<div class=\"gb-container gb-container-b69513c2\">\n\n<figure class=\"gb-block-image gb-block-image-3494bb9a\"><img decoding=\"async\" width=\"555\" height=\"426\" class=\"gb-image gb-image-3494bb9a\" src=\"https:\/\/www.stelorder.com\/wp-content\/uploads\/2023\/07\/crear-partes-de-trabajo-sin-cobertura.png\" alt=\"\" title=\"Cr\u00e9er des ordres de travail sans couverture\" srcset=\"https:\/\/www.stelorder.com\/wp-content\/uploads\/2023\/07\/crear-partes-de-trabajo-sin-cobertura.png 555w, https:\/\/www.stelorder.com\/wp-content\/uploads\/2023\/07\/crear-partes-de-trabajo-sin-cobertura-300x230.png 300w\" sizes=\"(max-width: 555px) 100vw, 555px\" \/><\/figure>\n\n\n\n<h2 class=\"gb-headline gb-headline-48345623 gb-headline-text cl-h3\">Travaillez de n&rsquo;importe o\u00f9, m\u00eame sans couverture<\/h2>\n\n\n\n<p class=\"gb-headline gb-headline-52230984 gb-headline-text\">L&rsquo;application STEL Order fonctionne sur n&rsquo;importe quel appareil mobile, que ce soit Android ou iOS, permettant ainsi \u00e0 vos employ\u00e9s de travailler de n&rsquo;importe o\u00f9, m\u00eame en l&rsquo;absence de couverture r\u00e9seau.<br><br>Cr\u00e9ez les ordres de travail, les factures ou les devis, et mettez-les \u00e0 jour dans votre programme une fois que vous avez \u00e0 nouveau une connexion Internet.<br><br>Nous sommes l&rsquo;application mobile la mieux not\u00e9e par plus de 1000 freelances et entreprises.<\/p>\n\n<\/div>\n<\/div>\n<\/div>\n<\/div>","protected":false},"excerpt":{"rendered":"<p>Gestion int\u00e9gr\u00e9e des ordres de travail Cr\u00e9ez et attribuez intelligemment des ordres de travail, \u00e9conomisant du temps et augmentant votre productivit\u00e9. Diego Vicente Arnau \u00ab\u00a0STEL &#8230; <a title=\"Bon de travail\" class=\"read-more\" href=\"https:\/\/www.stelorder.com\/fr\/commandes-de-travail\/\" aria-label=\"Read more about Bon de travail\">Leer<\/a><\/p>\n","protected":false},"author":3,"featured_media":27974,"parent":0,"menu_order":0,"comment_status":"closed","ping_status":"closed","template":"","meta":{"_acf_changed":false,"inline_featured_image":false,"footnotes":""},"class_list":{"0":"post-1458","1":"page","2":"type-page","3":"status-publish","4":"has-post-thumbnail","6":"no-featured-image-padding"},"acf":[],"_links":{"self":[{"href":"https:\/\/www.stelorder.com\/fr\/wp-json\/wp\/v2\/pages\/1458","targetHints":{"allow":["GET"]}}],"collection":[{"href":"https:\/\/www.stelorder.com\/fr\/wp-json\/wp\/v2\/pages"}],"about":[{"href":"https:\/\/www.stelorder.com\/fr\/wp-json\/wp\/v2\/types\/page"}],"author":[{"embeddable":true,"href":"https:\/\/www.stelorder.com\/fr\/wp-json\/wp\/v2\/users\/3"}],"replies":[{"embeddable":true,"href":"https:\/\/www.stelorder.com\/fr\/wp-json\/wp\/v2\/comments?post=1458"}],"version-history":[{"count":0,"href":"https:\/\/www.stelorder.com\/fr\/wp-json\/wp\/v2\/pages\/1458\/revisions"}],"wp:featuredmedia":[{"embeddable":true,"href":"https:\/\/www.stelorder.com\/fr\/wp-json\/wp\/v2\/media\/27974"}],"wp:attachment":[{"href":"https:\/\/www.stelorder.com\/fr\/wp-json\/wp\/v2\/media?parent=1458"}],"curies":[{"name":"wp","href":"https:\/\/api.w.org\/{rel}","templated":true}]}}