{"id":19797,"date":"2022-05-24T14:21:37","date_gmt":"2022-05-24T12:21:37","guid":{"rendered":"https:\/\/www.stelorder.com\/erp\/domaines\/"},"modified":"2024-04-04T10:21:08","modified_gmt":"2024-04-04T08:21:08","slug":"domaines","status":"publish","type":"page","link":"https:\/\/www.stelorder.com\/fr\/erp\/domaines\/","title":{"rendered":"Domaines"},"content":{"rendered":"<div class=\"gb-container gb-container-a364659d cl-padding-hero\"><div class=\"gb-inside-container\">\n<div class=\"gb-grid-wrapper gb-grid-wrapper-34da5513\">\n<div class=\"gb-grid-column gb-grid-column-cdd419e7\"><div class=\"gb-container gb-container-cdd419e7\"><div class=\"gb-inside-container\">\n\n<p class=\"gb-headline gb-headline-d9dd1576 gb-headline-text cl-h2\">STEL Order est pr\u00e9f\u00e9r\u00e9 par de nombreux secteurs<\/p>\n\n\n\n<p class=\"gb-headline gb-headline-2e5dcc00 gb-headline-text cl-h10\">Qui ont r\u00e9volutionn\u00e9 la fa\u00e7on dont ils g\u00e8rent leurs activit\u00e9s dans le nuage et sur le mobile.<\/p>\n\n\n<div class=\"gb-button-wrapper gb-button-wrapper-62553c37\">\n\n<span class=\"gb-button gb-button-318cd016 gb-button-text cl-btn-try\" target=\"_blank\" rel=\"noopener noreferrer\">Essai GRATUIT<\/span>\n\n<\/div>\n<\/div><\/div><\/div>\n\n<div class=\"gb-grid-column gb-grid-column-901fccc7\"><div class=\"gb-container gb-container-901fccc7\"><div class=\"gb-inside-container\">\n\n<figure class=\"wp-block-image aligncenter size-full\"><img decoding=\"async\" width=\"370\" height=\"370\" src=\"https:\/\/www.stelorder.com\/wp-content\/uploads\/2022\/04\/Sector-Distribucion-1.png\" alt=\"\" class=\"wp-image-18854\" srcset=\"https:\/\/www.stelorder.com\/wp-content\/uploads\/2022\/04\/Sector-Distribucion-1.png 370w, https:\/\/www.stelorder.com\/wp-content\/uploads\/2022\/04\/Sector-Distribucion-1-300x300.png 300w, https:\/\/www.stelorder.com\/wp-content\/uploads\/2022\/04\/Sector-Distribucion-1-150x150.png 150w, https:\/\/www.stelorder.com\/wp-content\/uploads\/2022\/04\/Sector-Distribucion-1-120x120.png 120w, https:\/\/www.stelorder.com\/wp-content\/uploads\/2022\/04\/Sector-Distribucion-1-96x96.png 96w\" sizes=\"(max-width: 370px) 100vw, 370px\" \/><\/figure>\n\n<\/div><\/div><\/div>\n<\/div>\n<\/div><\/div><div class=\"gb-container gb-container-a7e48025 cl-padding-normal\"><div class=\"gb-inside-container\">\n<div class=\"gb-grid-wrapper gb-grid-wrapper-2134458f\">\n<div class=\"gb-grid-column gb-grid-column-073324f9\"><div class=\"gb-container gb-container-073324f9\"><div class=\"gb-inside-container\">\n<div class=\"gb-grid-wrapper gb-grid-wrapper-c7f59724\">\n<div class=\"gb-grid-column gb-grid-column-243f2518\"><div class=\"gb-container gb-container-243f2518\"><div class=\"gb-inside-container\">\n\n<figure class=\"wp-block-image size-full\"><a data-fslightbox=\"\" href=\"https:\/\/www.youtube.com\/watch?v=aSWnvuVN3gY?autoplay=1&#038;rel=0&#038;autohide=1&#038;showinfo=0\" rel=\"nofollow noopener\" target=\"_blank\"><img decoding=\"async\" src=\"https:\/\/www.stelorder.com\/wp-content\/uploads\/2023\/05\/servicios-tecnicos-landing.png\" alt=\"\" class=\"wp-image-29641\"\/><\/a><\/figure>\n\n<\/div><\/div><\/div>\n\n<div class=\"gb-grid-column gb-grid-column-e390c1ae\"><div class=\"gb-container gb-container-e390c1ae\"><div class=\"gb-inside-container\">\n\n<p class=\"cl-h8 has-stel-orange-color has-text-color\"><a href=\"https:\/\/www.stelorder.com\/fr\/erp\/software-sat-servicio-tecnico\/\" data-type=\"page\" data-id=\"87\"><strong>SERVICES APR\u00c9S-VENTE<\/strong><\/a> <strong>-&gt;<\/strong><\/p>\n\n\n\n<p class=\"has-text-color\" style=\"color:#5c5c5c\">Tous les outils dont vous avez besoin pour optimiser tous les processus de travail de votre SAV.<\/p>\n\n<\/div><\/div><\/div>\n<\/div>\n<\/div><\/div><\/div>\n\n<div class=\"gb-grid-column gb-grid-column-8a3760c3\"><div class=\"gb-container gb-container-8a3760c3\"><div class=\"gb-inside-container\">\n<div class=\"gb-grid-wrapper gb-grid-wrapper-687f3cc6\">\n<div class=\"gb-grid-column gb-grid-column-cd93bcde\"><div class=\"gb-container gb-container-cd93bcde\"><div class=\"gb-inside-container\">\n\n<figure class=\"wp-block-image size-full\"><a data-fslightbox=\"\" href=\"https:\/\/www.youtube.com\/watch?v=OVOCRIlY6i0?autoplay=1&#038;rel=0&#038;autohide=1&#038;showinfo=0\" rel=\"nofollow noopener\" target=\"_blank\"><img decoding=\"async\" src=\"https:\/\/www.stelorder.com\/wp-content\/uploads\/2023\/05\/informatica-landing.png\" alt=\"\" class=\"wp-image-29641\"\/><\/a><\/figure>\n\n<\/div><\/div><\/div>\n\n<div class=\"gb-grid-column gb-grid-column-7db466fd\"><div class=\"gb-container gb-container-7db466fd\"><div class=\"gb-inside-container\">\n\n<p class=\"cl-h8 has-stel-orange-color has-text-color\"><a href=\"https:\/\/www.stelorder.com\/fr\/erp\/informatique\/\" data-type=\"page\" data-id=\"8285\"><strong>TRAITEMENT DES DONN\u00c9ES<\/strong><\/a> <strong>-&gt;<\/strong><\/p>\n\n\n\n<p class=\"has-text-color\" style=\"color:#5c5c5c\">Offrez \u00e0 vos clients une assistance commerciale, apr\u00e8s-vente et technique gr\u00e2ce \u00e0 des logiciels de premier ordre.<\/p>\n\n<\/div><\/div><\/div>\n<\/div>\n<\/div><\/div><\/div>\n\n<div class=\"gb-grid-column gb-grid-column-bf512633\"><div class=\"gb-container gb-container-bf512633\"><div class=\"gb-inside-container\">\n<div class=\"gb-grid-wrapper gb-grid-wrapper-176f3f5c\">\n<div class=\"gb-grid-column gb-grid-column-896dad37\"><div class=\"gb-container gb-container-896dad37\"><div class=\"gb-inside-container\">\n\n<figure class=\"wp-block-image size-full\"><a data-fslightbox=\"\" href=\"https:\/\/www.youtube.com\/watch?v=a3IbkG-kiiw?autoplay=1&#038;rel=0&#038;autohide=1&#038;showinfo=0\" rel=\"nofollow noopener\" target=\"_blank\"><img decoding=\"async\" src=\"https:\/\/www.stelorder.com\/wp-content\/uploads\/2023\/05\/distribucion-landing.png\" alt=\"\" class=\"wp-image-29641\"\/><\/a><\/figure>\n\n<\/div><\/div><\/div>\n\n<div class=\"gb-grid-column gb-grid-column-5648bf6b\"><div class=\"gb-container gb-container-5648bf6b\"><div class=\"gb-inside-container\">\n\n<p class=\"cl-h8 has-stel-orange-color has-text-color\"><a href=\"https:\/\/www.stelorder.com\/fr\/erp\/logiciel-devis-en-ligne\/\" data-type=\"page\" data-id=\"81\"><strong>DISTRIBUTION \/ COMMERCE<\/strong><\/a> <strong>-&gt;<\/strong><\/p>\n\n\n\n<p class=\"has-text-color\" style=\"color:#5c5c5c\">La gestion commerciale de votre entreprise n&rsquo;a jamais \u00e9t\u00e9 aussi facile \u00e0 g\u00e9rer. Reliez l&rsquo;entrep\u00f4t et l&rsquo;administration \u00e0 votre personnel de vente.<\/p>\n\n<\/div><\/div><\/div>\n<\/div>\n<\/div><\/div><\/div>\n\n<div class=\"gb-grid-column gb-grid-column-64dac917\"><div class=\"gb-container gb-container-64dac917\"><div class=\"gb-inside-container\">\n<div class=\"gb-grid-wrapper gb-grid-wrapper-68ecf24a\">\n<div class=\"gb-grid-column gb-grid-column-9d7df8a4\"><div class=\"gb-container gb-container-9d7df8a4\"><div class=\"gb-inside-container\">\n\n<figure class=\"wp-block-image size-full\"><a data-fslightbox=\"\" href=\"https:\/\/www.youtube.com\/watch?v=GsnZqOz7Be8?autoplay=1&#038;rel=0&#038;autohide=1&#038;showinfo=0\" rel=\"nofollow noopener\" target=\"_blank\"><img decoding=\"async\" src=\"https:\/\/www.stelorder.com\/wp-content\/uploads\/2023\/05\/electricidad-landing-1.png\" alt=\"\" class=\"wp-image-29641\"\/><\/a><\/figure>\n\n<\/div><\/div><\/div>\n\n<div class=\"gb-grid-column gb-grid-column-eda26b81\"><div class=\"gb-container gb-container-eda26b81\"><div class=\"gb-inside-container\">\n\n<p class=\"cl-h8 has-stel-orange-color has-text-color\"><a href=\"https:\/\/www.stelorder.com\/fr\/erp\/entreprises-electricite\/\" data-type=\"page\" data-id=\"8172\"><strong>\u00c9LECTRICIT\u00c9<\/strong><\/a> <strong>-&gt;<\/strong><\/p>\n\n\n\n<p class=\"has-text-color\" style=\"color:#5c5c5c\">Contr\u00f4lez vos installations \u00e9lectriques et g\u00e9rez la maintenance de la meilleure fa\u00e7on possible.<\/p>\n\n<\/div><\/div><\/div>\n<\/div>\n<\/div><\/div><\/div>\n\n<div class=\"gb-grid-column gb-grid-column-2f0f061b\"><div class=\"gb-container gb-container-2f0f061b\"><div class=\"gb-inside-container\">\n<div class=\"gb-grid-wrapper gb-grid-wrapper-588da620\">\n<div class=\"gb-grid-column gb-grid-column-f77b65b2\"><div class=\"gb-container gb-container-f77b65b2\"><div class=\"gb-inside-container\">\n\n<figure class=\"wp-block-image size-full\"><a data-fslightbox=\"\" href=\"https:\/\/www.youtube.com\/watch?v=E7dA9ikhZxw?autoplay=1&#038;rel=0&#038;autohide=1&#038;showinfo=0\" rel=\"nofollow noopener\" target=\"_blank\"><img decoding=\"async\" src=\"https:\/\/www.stelorder.com\/wp-content\/uploads\/2023\/05\/climatizacion-landing.png\" alt=\"\" class=\"wp-image-29641\"\/><\/a><\/figure>\n\n<\/div><\/div><\/div>\n\n<div class=\"gb-grid-column gb-grid-column-9967df2b\"><div class=\"gb-container gb-container-9967df2b\"><div class=\"gb-inside-container\">\n\n<p class=\"cl-h8 has-stel-orange-color has-text-color\"><a href=\"https:\/\/www.stelorder.com\/fr\/erp\/climatisation\/\" data-type=\"page\" data-id=\"8347\"><strong>CLIMATISATION<\/strong><\/a> <strong>-&gt;<\/strong><\/p>\n\n\n\n<p class=\"has-text-color\" style=\"color:#5c5c5c\">Connectez vos techniciens, cr\u00e9ez et documentez les installations, collectez les signatures et optimisez vos processus avec STEL Order.<\/p>\n\n<\/div><\/div><\/div>\n<\/div>\n<\/div><\/div><\/div>\n\n<div class=\"gb-grid-column gb-grid-column-4a480147\"><div class=\"gb-container gb-container-4a480147\"><div class=\"gb-inside-container\">\n<div class=\"gb-grid-wrapper gb-grid-wrapper-e273b5cc\">\n<div class=\"gb-grid-column gb-grid-column-ee025b8d\"><div class=\"gb-container gb-container-ee025b8d\"><div class=\"gb-inside-container\">\n\n<figure class=\"wp-block-image size-full\"><a data-fslightbox=\"\" href=\"https:\/\/www.youtube.com\/watch?v=Lj1XD_nE5oo&#038;t=33s?autoplay=1&#038;rel=0&#038;autohide=1&#038;showinfo=0\" rel=\"nofollow noopener\" target=\"_blank\"><img decoding=\"async\" src=\"https:\/\/www.stelorder.com\/wp-content\/uploads\/2023\/05\/landing-cerrajeros.png\" alt=\"\" class=\"wp-image-29641\"\/><\/a><\/figure>\n\n<\/div><\/div><\/div>\n\n<div class=\"gb-grid-column gb-grid-column-a7e25756\"><div class=\"gb-container gb-container-a7e25756\"><div class=\"gb-inside-container\">\n\n<p class=\"cl-h8 has-stel-orange-color has-text-color\"><a href=\"https:\/\/www.stelorder.com\/fr\/erp\/serruriers\/\" data-type=\"page\" data-id=\"8638\"><strong>LOCKSMITHS<\/strong><\/a> <strong>-&gt;<\/strong><\/p>\n\n\n\n<p class=\"has-text-color\" style=\"color:#5c5c5c\">Recevez et attribuez automatiquement les incidents \u00e0 vos techniciens. Une fois sur le site, cr\u00e9ez des devis, des bons de livraison et des factures m\u00eame hors ligne depuis votre mobile.<\/p>\n\n<\/div><\/div><\/div>\n<\/div>\n<\/div><\/div><\/div>\n<\/div>\n\n\n<p><\/p>\n\n\n\n<p class=\"has-text-align-center has-stel-black-color has-text-color\"><strong><a href=\"https:\/\/www.stelorder.com\/fr\/erp\/travailleur-independant\/\" data-type=\"page\" data-id=\"8605\">Ind\u00e9pendants<\/a> \/ <a href=\"https:\/\/www.stelorder.com\/fr\/erp\/pme\/\" data-type=\"page\" data-id=\"8569\">PME<\/a> \/ <a href=\"https:\/\/www.stelorder.com\/fr\/erp\/e-commerce\/\" data-type=\"page\" data-id=\"8651\">e-Commerce<\/a> \/ <a href=\"https:\/\/www.stelorder.com\/fr\/erp\/construction\/\" data-type=\"page\" data-id=\"8614\">Construction<\/a><\/strong><\/p>\n\n\n\n<p><\/p>\n\n\n\n<p class=\"has-text-align-center\">De plus, comme il s&rsquo;agit d&rsquo;un logiciel bas\u00e9 sur le cloud, vous pouvez l&rsquo;utiliser \u00e0 partir de n&rsquo;importe quel ordinateur (<a href=\"https:\/\/www.stelorder.com\/fr\/erp\/mac\/\" data-type=\"page\" data-id=\"3465\">MAC<\/a>inclus) ou t\u00e9l\u00e9phone mobile Android\/<a href=\"https:\/\/www.stelorder.com\/fr\/erp\/ios\/\" data-type=\"page\" data-id=\"3452\">iOS<\/a>.<\/p>\n\n<\/div><\/div>","protected":false},"excerpt":{"rendered":"<p>Ind\u00e9pendants \/ PME \/ e-Commerce \/ Construction De plus, comme il s&rsquo;agit d&rsquo;un logiciel bas\u00e9 sur le cloud, vous pouvez l&rsquo;utiliser \u00e0 partir de n&rsquo;importe &#8230; <a title=\"Domaines\" class=\"read-more\" href=\"https:\/\/www.stelorder.com\/fr\/erp\/domaines\/\" aria-label=\"Read more about Domaines\">Leer<\/a><\/p>\n","protected":false},"author":3,"featured_media":27974,"parent":1263,"menu_order":0,"comment_status":"closed","ping_status":"closed","template":"","meta":{"_acf_changed":false,"inline_featured_image":false,"footnotes":""},"class_list":{"0":"post-19797","1":"page","2":"type-page","3":"status-publish","4":"has-post-thumbnail","6":"no-featured-image-padding"},"acf":[],"_links":{"self":[{"href":"https:\/\/www.stelorder.com\/fr\/wp-json\/wp\/v2\/pages\/19797","targetHints":{"allow":["GET"]}}],"collection":[{"href":"https:\/\/www.stelorder.com\/fr\/wp-json\/wp\/v2\/pages"}],"about":[{"href":"https:\/\/www.stelorder.com\/fr\/wp-json\/wp\/v2\/types\/page"}],"author":[{"embeddable":true,"href":"https:\/\/www.stelorder.com\/fr\/wp-json\/wp\/v2\/users\/3"}],"replies":[{"embeddable":true,"href":"https:\/\/www.stelorder.com\/fr\/wp-json\/wp\/v2\/comments?post=19797"}],"version-history":[{"count":0,"href":"https:\/\/www.stelorder.com\/fr\/wp-json\/wp\/v2\/pages\/19797\/revisions"}],"up":[{"embeddable":true,"href":"https:\/\/www.stelorder.com\/fr\/wp-json\/wp\/v2\/pages\/1263"}],"wp:featuredmedia":[{"embeddable":true,"href":"https:\/\/www.stelorder.com\/fr\/wp-json\/wp\/v2\/media\/27974"}],"wp:attachment":[{"href":"https:\/\/www.stelorder.com\/fr\/wp-json\/wp\/v2\/media?parent=19797"}],"curies":[{"name":"wp","href":"https:\/\/api.w.org\/{rel}","templated":true}]}}