{"id":1490,"date":"2021-08-16T17:10:46","date_gmt":"2021-08-16T15:10:46","guid":{"rendered":"https:\/\/www.stelorder.com\/ordenes-de-trabajo\/"},"modified":"2023-12-11T17:08:15","modified_gmt":"2023-12-11T16:08:15","slug":"ordenes-de-trabajo","status":"publish","type":"page","link":"https:\/\/www.stelorder.com\/mexico\/ordenes-de-trabajo\/","title":{"rendered":"Ordenes de trabajo"},"content":{"rendered":"<div class=\"gb-container gb-container-8ef4d746\">\n<div class=\"gb-container gb-container-ff8884ed cl-padding-hero\">\n<div class=\"gb-container gb-container-8cf0ea75\">\n\n<h1 class=\"gb-headline gb-headline-67de83cf gb-headline-text cl-h2\">Gesti\u00f3n de partes de trabajo integral<\/h1>\n\n\n\n<p class=\"gb-headline gb-headline-67096691 gb-headline-text cl-h10\">Crea y asigna partes de trabajo de manera inteligente, ahorrando tiempo y aumentando tu productividad.<\/p>\n\n\n\n<p class=\"gb-headline gb-headline-3d5403f4 gb-headline-text\"><a href=\"https:\/\/www.stelorder.com\/mexico\/solicitar-demostracion\/\" data-type=\"page\" data-id=\"175\">Solicita una demostraci\u00f3n personalizada gratuita -&gt;<\/a><\/p>\n\n\n<div class=\"gb-button-wrapper gb-button-wrapper-62553c37\">\n\n<span class=\"gb-button gb-button-318cd016 gb-button-text cl-btn-try\" target=\"_blank\" rel=\"noopener noreferrer\">Pru\u00e9balo GRATIS<\/span>\n\n<\/div>\n<\/div>\n\n<div class=\"gb-container gb-container-7d436a74\">\n\n<figure class=\"gb-block-image gb-block-image-aeddb0ce\"><img decoding=\"async\" width=\"630\" height=\"606\" class=\"gb-image gb-image-aeddb0ce\" src=\"https:\/\/www.stelorder.com\/wp-content\/uploads\/2023\/07\/new-hero-partes-trabajo.png\" alt=\"\" title=\"new hero-partes-trabajo\" srcset=\"https:\/\/www.stelorder.com\/wp-content\/uploads\/2023\/07\/new-hero-partes-trabajo.png 630w, https:\/\/www.stelorder.com\/wp-content\/uploads\/2023\/07\/new-hero-partes-trabajo-300x289.png 300w\" sizes=\"(max-width: 630px) 100vw, 630px\" \/><\/figure>\n\n<\/div>\n<\/div>\n\n<div class=\"gb-container gb-container-54848ceb\">\n<div class=\"gb-container gb-container-e78af180\">\n<div class=\"gb-container gb-container-21dbeef8\">\n\n<figure class=\"gb-block-image gb-block-image-718fc1ef\"><img decoding=\"async\" width=\"91\" height=\"90\" class=\"gb-image gb-image-718fc1ef\" src=\"https:\/\/www.stelorder.com\/wp-content\/uploads\/2023\/07\/servifrio.png\" alt=\"\" title=\"servifrio\"><\/figure>\n\n<\/div>\n\n<div class=\"gb-container gb-container-f48ee406\">\n\n<p class=\"gb-headline gb-headline-a02391bc gb-headline-text\">Diego Vicente Arnau<\/p>\n\n\n\n<figure class=\"gb-block-image gb-block-image-40036df5\"><img decoding=\"async\" width=\"78\" height=\"13\" class=\"gb-image gb-image-40036df5\" src=\"https:\/\/www.stelorder.com\/wp-content\/uploads\/\/Estrellas-5-verde.svg\" alt=\"\" title=\"Estrellas-5-verde\"><\/figure>\n\n<\/div>\n<\/div>\n\n\n<p class=\"gb-headline gb-headline-e4ab3294 gb-headline-text cl-h3\">&#8220;STEL Order me ayuda mucho porque me permite llevar todo lo que necesito de mi negocio en la mano.&#8221;<\/p>\n\n\n\n<a class=\"gb-button gb-button-df03f747 gb-button-text\" href=\"https:\/\/www.stelorder.com\/erp\/software-sat-servicio-tecnico\/servifrio\/\">Ver caso de \u00e9xito<\/a>\n\n\n<div class=\"gb-container gb-container-43415781\">\n\n<figure class=\"gb-block-image gb-block-image-e583e6eb\"><img decoding=\"async\" width=\"177\" height=\"29\" class=\"gb-image gb-image-e583e6eb\" src=\"https:\/\/www.stelorder.com\/wp-content\/uploads\/\/Estrellas-475.svg\" alt=\"\" title=\"Estrellas-4,75\"><\/figure>\n\n\n\n<p class=\"gb-headline gb-headline-e2ef07cf gb-headline-text\">con m\u00e1s de 1500 rese\u00f1as reales en <\/p>\n\n\n<div class=\"gb-container gb-container-ea67147e\">\n\n<figure class=\"gb-block-image gb-block-image-4654fe03\"><a href=\"https:\/\/play.google.com\/store\/apps\/details?id=com.stel.order&amp;hl=es&amp;gl=US\" rel=\"nofollow noopener\" target=\"_blank\"><img decoding=\"async\" width=\"37\" height=\"37\" class=\"gb-image gb-image-4654fe03\" src=\"https:\/\/www.stelorder.com\/wp-content\/uploads\/\/Icono-Google-Play-ES.svg\" alt=\"\" title=\"Icono-Google-Play-ES\"><\/a><\/figure>\n\n\n\n<figure class=\"gb-block-image gb-block-image-372ae4bb\"><a href=\"https:\/\/apps.apple.com\/es\/app\/stel-order-facturas-crm-erp\/id1234534324\" rel=\"nofollow noopener\" target=\"_blank\"><img decoding=\"async\" width=\"38\" height=\"37\" class=\"gb-image gb-image-372ae4bb\" src=\"https:\/\/www.stelorder.com\/wp-content\/uploads\/\/Icono-App-Store-ES.svg\" alt=\"\" title=\"Icono-App-Store-ES\"><\/a><\/figure>\n\n<\/div>\n<\/div>\n<\/div>\n\n<div class=\"gb-container gb-container-5e6b46fa\">\n\n<h2 class=\"gb-headline gb-headline-03af794f\"><span class=\"gb-icon\"><svg xmlns=\"http:\/\/www.w3.org\/2000\/svg\" fill=\"none\" viewbox=\"0 0 48 50\" height=\"50\" width=\"48\"> <path fill=\"#FD893A\" d=\"M10 23.5C9.17157 23.5 8.5 24.1716 8.5 25C8.5 25.8284 9.17157 26.5 10 26.5L10 23.5ZM39.0607 26.0607C39.6464 25.4749 39.6464 24.5251 39.0607 23.9393L29.5147 14.3934C28.9289 13.8076 27.9792 13.8076 27.3934 14.3934C26.8076 14.9792 26.8076 15.9289 27.3934 16.5147L35.8787 25L27.3934 33.4853C26.8076 34.0711 26.8076 35.0208 27.3934 35.6066C27.9792 36.1924 28.9289 36.1924 29.5147 35.6066L39.0607 26.0607ZM10 26.5L38 26.5L38 23.5L10 23.5L10 26.5Z\"><\/path> <\/svg><\/span><span class=\"gb-headline-text\">Control optimizado de ordenes de trabajo y <em>mucho<\/em> m\u00e1s<\/span><\/h2>\n\n\n<div class=\"gb-container gb-container-d99e730c\">\n<div class=\"gb-container gb-container-bcfed125\">\n\n<figure class=\"gb-block-image gb-block-image-ffeeaee8\"><img decoding=\"async\" class=\"gb-image gb-image-ffeeaee8\" src=\"https:\/\/www.stelorder.com\/wp-content\/uploads\/2023\/12\/how-to-create-work-order-2.png\" alt=\"\" title=\"como se crea un parte de trabajo y se asigna\"><\/figure>\n\n<\/div>\n\n<div class=\"gb-container gb-container-ffdb8246\">\n\n<h2 class=\"gb-headline gb-headline-f1e82141 gb-headline-text cl-h3\">Crea ordenes de trabajo y as\u00edgnalas a tu equipo<\/h2>\n\n\n\n<p class=\"gb-headline gb-headline-1717eb21 gb-headline-text\">Crea partes de trabajos con todos los detalles relevantes del cliente, con el servicio a realizar y as\u00edgnalos a los miembros de tu equipo que creas conveniente. <br><br>Recibe autom\u00e1ticamente las incidencias a trav\u00e9s de los correos electr\u00f3nicos enviados por tus clientes. Estas incidencias se asignan directamente a tus empleados, quienes luego pueden generar un parte de trabajo de forma sencilla y r\u00e1pida desde la incidencia recibida.<br><br>Ahorra tiempo en la administraci\u00f3n de tus partes de trabajo.<\/p>\n\n<\/div>\n<\/div>\n\n<div class=\"gb-container gb-container-1127eed3\">\n<div class=\"gb-container gb-container-e01af502\">\n\n<h2 class=\"gb-headline gb-headline-550d2f10 gb-headline-text cl-h3\">Mejora la documentaci\u00f3n de tus ordenes de trabajo<\/h2>\n\n\n\n<p class=\"gb-headline gb-headline-2e12df29 gb-headline-text\">Una vez que el t\u00e9cnico ha realizado el trabajo puede incluir la informaci\u00f3n necesaria para crear un parte de trabajo completo y de calidad.<br><br>Incluye toda la informaci\u00f3n del material utilizado, productos vendidos o servicios como mano de obra y la cantidad de los mismos.<br><br>Puedes recoger la firma y DNI del cliente e incluso documentar su actuaci\u00f3n mediante fotos, v\u00eddeos o audios.<br><br>Una vez est\u00e9 cerrado y firmado, el material utilizado se actualiza del stock de productos de tu empresa.<\/p>\n\n<\/div>\n\n<div class=\"gb-container gb-container-87c99589\">\n\n<figure class=\"gb-block-image gb-block-image-d6620beb\"><img decoding=\"async\" width=\"572\" height=\"439\" class=\"gb-image gb-image-d6620beb\" src=\"https:\/\/www.stelorder.com\/wp-content\/uploads\/2023\/07\/mejora-la-documentacion-de-partes-de-trabajo.png\" alt=\"\" title=\"mejora la documentacion de partes de trabajo\"><\/figure>\n\n<\/div>\n<\/div>\n<\/div>\n\n<div class=\"gb-container gb-container-5eda48c8\">\n<div class=\"gb-container gb-container-4d4705b3\">\n\n<figure class=\"gb-block-image gb-block-image-42bd7fe5\"><img decoding=\"async\" width=\"572\" height=\"439\" class=\"gb-image gb-image-42bd7fe5\" src=\"https:\/\/www.stelorder.com\/wp-content\/uploads\/2023\/07\/partes-de-trabajo-de-mantenimientos.png\" alt=\"\" title=\"partes de trabajo de mantenimientos\" srcset=\"https:\/\/www.stelorder.com\/wp-content\/uploads\/2023\/07\/partes-de-trabajo-de-mantenimientos.png 572w, https:\/\/www.stelorder.com\/wp-content\/uploads\/2023\/07\/partes-de-trabajo-de-mantenimientos-300x230.png 300w\" sizes=\"(max-width: 572px) 100vw, 572px\" \/><\/figure>\n\n\n\n<h2 class=\"gb-headline gb-headline-eb7640b1 gb-headline-text cl-h3\">Controla tus mantenimientos y tareas recurrentes eficazmente<\/h2>\n\n\n\n<p class=\"gb-headline gb-headline-d2022ba9 gb-headline-text\">Puedes gestionar un n\u00famero ilimitado de maquinaria u otros activos en clientes de una manera eficaz para mantenimientos correctivos o preventivos.<br><br>Con STEL Order puedes enriquecer tu parte de trabajo de mantenimiento con toda la informaci\u00f3n que necesites, desde n\u00fameros de series, marcas, garant\u00edas, hasta todos los documentos adjuntos que necesites.<br><br>No pierdas tiempo.<br><br>Automatiza la gesti\u00f3n y facturaci\u00f3n recurrente de estos mantenimientos creando tareas autom\u00e1ticas que te ayuden con checklist o en la facturaci\u00f3n en el tiempo que tu elijas.<\/p>\n\n<\/div>\n\n<div class=\"gb-container gb-container-78190de2\">\n\n<figure class=\"gb-block-image gb-block-image-65a74a96\"><img decoding=\"async\" width=\"572\" height=\"443\" class=\"gb-image gb-image-65a74a96\" src=\"https:\/\/www.stelorder.com\/wp-content\/uploads\/2023\/07\/agenda-y-gps-en-los-partes-de-trabajo.png\" alt=\"\" title=\"agenda y gps en los partes de trabajo\" srcset=\"https:\/\/www.stelorder.com\/wp-content\/uploads\/2023\/07\/agenda-y-gps-en-los-partes-de-trabajo.png 572w, https:\/\/www.stelorder.com\/wp-content\/uploads\/2023\/07\/agenda-y-gps-en-los-partes-de-trabajo-300x232.png 300w\" sizes=\"(max-width: 572px) 100vw, 572px\" \/><\/figure>\n\n\n\n<h2 class=\"gb-headline gb-headline-690f106d gb-headline-text cl-h3\">Agenda tus ordenes de trabajo y gestiona tu equipo con GPS<\/h2>\n\n\n\n<p class=\"gb-headline gb-headline-b3ba829b gb-headline-text\">Asigna el parte de trabajo referente a una nueva incidencia o mantenimiento preventivo a cualquier t\u00e9cnico de tu equipo de manera \u00e1gil.<br><br>Puedes ver en tiempo real, la ubicaci\u00f3n GPS de tus empleados para poder asignar las incidencias y dar un mejor servicio mientras mejoras la productividad del resto de tu equipo.<br><br>Crea m\u00faltiples calendarios para cada uno de tus empleados, que recibir\u00e1 una notificaci\u00f3n cada vez que le asignes un parte de trabajo o cualquier otra tarea y adjunta los documentos importantes.<\/p>\n\n<\/div>\n<\/div>\n\n<div class=\"gb-container gb-container-2b7a4774\">\n<div class=\"gb-container gb-container-d5754591\">\n<div class=\"gb-container gb-container-6573ebe0\">\n\n<figure class=\"gb-block-image gb-block-image-166f98b8\"><img decoding=\"async\" width=\"1650\" height=\"928\" class=\"gb-image gb-image-166f98b8\" src=\"https:\/\/www.stelorder.com\/wp-content\/uploads\/2023\/07\/servifrio-haciendo-parte-de-trabajo.jpg\" alt=\"\" title=\"servifrio haciendo parte de trabajo\"><\/figure>\n\n<\/div>\n\n<div class=\"gb-container gb-container-ba6547d7\">\n\n<h2 class=\"gb-headline gb-headline-5fd7cc51 gb-headline-text\">No s\u00f3lo partes de trabajo<\/h2>\n\n\n\n<p class=\"gb-headline gb-headline-bc5c53cd gb-headline-text\">Con STEL Order puedes gestionar tus clientes, cat\u00e1logos de productos y servicios. Adem\u00e1s, crea tus cotizaciones y convi\u00e9rtelos luego en partes de trabajo y despu\u00e9s en facturas en un s\u00f3lo clic.<\/p>\n\n<\/div>\n<\/div>\n<\/div>\n\n<div class=\"gb-container gb-container-6d91c9da\">\n<div class=\"gb-container gb-container-aae9e255\">\n<div class=\"gb-container gb-container-f496a496\">\n\n<h2 class=\"gb-headline gb-headline-8f81b7c4 gb-headline-text cl-h3\">Integra tus ordenes de trabajo en proyectos m\u00e1s grandes<\/h2>\n\n\n\n<p class=\"gb-headline gb-headline-7d25bec8 gb-headline-text\">Crea un proyecto y asigna cotizaciones, partes de trabajo, material, gastos y horas de trabajo para mejorar tu trazabilidad.<br><br>Sigue al detalle la rentabilidad de tu negocio observando todos los gastos e ingresos cuando se imputan y qui\u00e9n lo hace.<br><br>Detecta f\u00e1cilmente desviaciones en los ingresos o gastos del proyecto.<br><br>Integra el proyecto en la agenda de tus empleados para saber cu\u00e1ndo tienen que realizar sus notas de entrega o partes de trabajo.<\/p>\n\n<\/div>\n\n<div class=\"gb-container gb-container-7071d5aa\">\n\n<figure class=\"gb-block-image gb-block-image-ff61d433\"><img decoding=\"async\" width=\"572\" height=\"440\" class=\"gb-image gb-image-ff61d433\" src=\"https:\/\/www.stelorder.com\/wp-content\/uploads\/2023\/07\/partes-de-trabajo-en-proyectos.png\" alt=\"\" title=\"partes de trabajo en proyectos\" srcset=\"https:\/\/www.stelorder.com\/wp-content\/uploads\/2023\/07\/partes-de-trabajo-en-proyectos.png 572w, https:\/\/www.stelorder.com\/wp-content\/uploads\/2023\/07\/partes-de-trabajo-en-proyectos-300x231.png 300w\" sizes=\"(max-width: 572px) 100vw, 572px\" \/><\/figure>\n\n<\/div>\n<\/div>\n<\/div>\n\n<div class=\"gb-container gb-container-8038b43f\">\n<div class=\"gb-container gb-container-bd93be88\">\n<div class=\"gb-container gb-container-820ac951\">\n\n<figure class=\"gb-block-image gb-block-image-c385ed8e\"><img decoding=\"async\" width=\"563\" height=\"439\" class=\"gb-image gb-image-c385ed8e\" src=\"https:\/\/www.stelorder.com\/wp-content\/uploads\/2023\/07\/revision-de-la-rentabilidad-del-parte-de-trabajo.png\" alt=\"\" title=\"revision de la rentabilidad del parte de trabajo\" srcset=\"https:\/\/www.stelorder.com\/wp-content\/uploads\/2023\/07\/revision-de-la-rentabilidad-del-parte-de-trabajo.png 563w, https:\/\/www.stelorder.com\/wp-content\/uploads\/2023\/07\/revision-de-la-rentabilidad-del-parte-de-trabajo-300x234.png 300w\" sizes=\"(max-width: 563px) 100vw, 563px\" \/><\/figure>\n\n<\/div>\n\n<div class=\"gb-container gb-container-0b227ad1\">\n\n<h2 class=\"gb-headline gb-headline-6c4f5721 gb-headline-text cl-h3\">Revisa tu rentabilidad y controla qui\u00e9n puede verla<\/h2>\n\n\n\n<p class=\"gb-headline gb-headline-403bacc7 gb-headline-text\">Una vez que se ha realizado el parte de trabajo, incluyendo horas, material y productos junto con la firma del cliente puedes ver de un vistazo la rentabilidad final respecto a lo cotizado.<br><br>Personaliza los roles de tus empleados para determinar qui\u00e9n puede ver, modificar, crear o eliminar cualquier tipo de documento.<br><br>Gestiona tu empresa asignando roles seg\u00fan el departamento comercial, administrativo o t\u00e9cnico, totalmente personalizable a tu gusto.<\/p>\n\n<\/div>\n<\/div>\n<\/div>\n\n<div class=\"gb-container gb-container-be65af82\">\n<div class=\"gb-container gb-container-de94dab6\">\n<div class=\"gb-container gb-container-968733c4\">\n\n<figure class=\"gb-block-image gb-block-image-a6b77f9a\"><img decoding=\"async\" width=\"555\" height=\"426\" class=\"gb-image gb-image-a6b77f9a\" src=\"https:\/\/www.stelorder.com\/wp-content\/uploads\/2023\/07\/facturar-parte-de-trabajo.png\" alt=\"\" title=\"facturar parte de trabajo\" srcset=\"https:\/\/www.stelorder.com\/wp-content\/uploads\/2023\/07\/facturar-parte-de-trabajo.png 555w, https:\/\/www.stelorder.com\/wp-content\/uploads\/2023\/07\/facturar-parte-de-trabajo-300x230.png 300w\" sizes=\"(max-width: 555px) 100vw, 555px\" \/><\/figure>\n\n\n\n<h2 class=\"gb-headline gb-headline-914b23e6 gb-headline-text cl-h3\">Factura y env\u00eda tus ordenes de trabajo \u00e1gilmente<\/h2>\n\n\n\n<p class=\"gb-headline gb-headline-4dc98c2c gb-headline-text\">Al terminar la nota de entrega o parte de trabajo puedes crear la factura asociada en un solo clic puesto que se copiar\u00e1n autom\u00e1ticamente todas las horas, materiales utilizados y datos del cliente. Adem\u00e1s, lo podr\u00e1s hacer desde las instalaciones del cliente o desde la oficina, con un clic.<br><br>Aumenta tu productividad y ahorra costes.<br><\/p>\n\n\n\n<p class=\"gb-headline gb-headline-c6b12f96 gb-headline-text\">Env\u00edala por correo electr\u00f3nico con acuse de lectura para saber si tu cliente la ha visto.<br><br>Incluye la informaci\u00f3n bancaria para que realice el pago o cobra online con tarjeta o PayPal.<\/p>\n\n<\/div>\n\n<div class=\"gb-container gb-container-b69513c2\">\n\n<figure class=\"gb-block-image gb-block-image-3494bb9a\"><img decoding=\"async\" width=\"555\" height=\"426\" class=\"gb-image gb-image-3494bb9a\" src=\"https:\/\/www.stelorder.com\/wp-content\/uploads\/2023\/07\/crear-partes-de-trabajo-sin-cobertura.png\" alt=\"\" title=\"crear partes de trabajo sin cobertura\" srcset=\"https:\/\/www.stelorder.com\/wp-content\/uploads\/2023\/07\/crear-partes-de-trabajo-sin-cobertura.png 555w, https:\/\/www.stelorder.com\/wp-content\/uploads\/2023\/07\/crear-partes-de-trabajo-sin-cobertura-300x230.png 300w\" sizes=\"(max-width: 555px) 100vw, 555px\" \/><\/figure>\n\n\n\n<h2 class=\"gb-headline gb-headline-48345623 gb-headline-text cl-h3\">Trabaja desde cualquier lugar, incluso sin cobertura<\/h2>\n\n\n\n<p class=\"gb-headline gb-headline-52230984 gb-headline-text\">La app de STEL Order funciona en cualquier dispositivo m\u00f3vil tanto Android como iOs para permitir que tus empleados puedan trabajar desde cualquier lugar aunque no tengan cobertura.<br><br>Crea los partes de trabajo, facturas CFDI o cotizaciones y actual\u00edzalos en tu programa una vez vuelvas a tener conexi\u00f3n a internet.<br><br>Somos la aplicaci\u00f3n m\u00f3vil mejor valorada por m\u00e1s de 1000 aut\u00f3nomos y empresas.<\/p>\n\n<\/div>\n<\/div>\n<\/div>\n<\/div>","protected":false},"excerpt":{"rendered":"<p>Gesti\u00f3n de partes de trabajo integral Crea y asigna partes de trabajo de manera inteligente, ahorrando tiempo y aumentando tu productividad. Diego Vicente Arnau &#8220;STEL &#8230; <a title=\"Ordenes de trabajo\" class=\"read-more\" href=\"https:\/\/www.stelorder.com\/mexico\/ordenes-de-trabajo\/\" aria-label=\"Read more about Ordenes de trabajo\">Leer<\/a><\/p>\n","protected":false},"author":3,"featured_media":27976,"parent":0,"menu_order":0,"comment_status":"closed","ping_status":"closed","template":"","meta":{"_acf_changed":false,"inline_featured_image":false,"footnotes":""},"class_list":{"0":"post-1490","1":"page","2":"type-page","3":"status-publish","4":"has-post-thumbnail","6":"no-featured-image-padding"},"acf":[],"_links":{"self":[{"href":"https:\/\/www.stelorder.com\/mexico\/wp-json\/wp\/v2\/pages\/1490","targetHints":{"allow":["GET"]}}],"collection":[{"href":"https:\/\/www.stelorder.com\/mexico\/wp-json\/wp\/v2\/pages"}],"about":[{"href":"https:\/\/www.stelorder.com\/mexico\/wp-json\/wp\/v2\/types\/page"}],"author":[{"embeddable":true,"href":"https:\/\/www.stelorder.com\/mexico\/wp-json\/wp\/v2\/users\/3"}],"replies":[{"embeddable":true,"href":"https:\/\/www.stelorder.com\/mexico\/wp-json\/wp\/v2\/comments?post=1490"}],"version-history":[{"count":0,"href":"https:\/\/www.stelorder.com\/mexico\/wp-json\/wp\/v2\/pages\/1490\/revisions"}],"wp:featuredmedia":[{"embeddable":true,"href":"https:\/\/www.stelorder.com\/mexico\/wp-json\/wp\/v2\/media\/27976"}],"wp:attachment":[{"href":"https:\/\/www.stelorder.com\/mexico\/wp-json\/wp\/v2\/media?parent=1490"}],"curies":[{"name":"wp","href":"https:\/\/api.w.org\/{rel}","templated":true}]}}