{"id":19792,"date":"2022-05-24T12:25:09","date_gmt":"2022-05-24T10:25:09","guid":{"rendered":"https:\/\/www.stelorder.com\/erp\/industrias\/"},"modified":"2024-04-04T10:17:09","modified_gmt":"2024-04-04T08:17:09","slug":"sectores","status":"publish","type":"page","link":"https:\/\/www.stelorder.com\/mexico\/erp\/sectores\/","title":{"rendered":"Sectores"},"content":{"rendered":"<div class=\"gb-container gb-container-a364659d cl-padding-hero\"><div class=\"gb-inside-container\">\n<div class=\"gb-grid-wrapper gb-grid-wrapper-34da5513\">\n<div class=\"gb-grid-column gb-grid-column-cdd419e7\"><div class=\"gb-container gb-container-cdd419e7\"><div class=\"gb-inside-container\">\n\n<p class=\"gb-headline gb-headline-d9dd1576 gb-headline-text cl-h2\">STEL Order es el preferido por muchos sectores<\/p>\n\n\n\n<p class=\"gb-headline gb-headline-2e5dcc00 gb-headline-text cl-h10\">Que han revolucionado la forma en la que gestionan sus negocios en la nube y en el celular<\/p>\n\n\n<div class=\"gb-button-wrapper gb-button-wrapper-62553c37\">\n\n<span class=\"gb-button gb-button-318cd016 gb-button-text cl-btn-try\" target=\"_blank\" rel=\"noopener noreferrer\">Pru\u00e9balo GRATIS<\/span>\n\n<\/div>\n<\/div><\/div><\/div>\n\n<div class=\"gb-grid-column gb-grid-column-901fccc7\"><div class=\"gb-container gb-container-901fccc7\"><div class=\"gb-inside-container\">\n\n<figure class=\"wp-block-image aligncenter size-full\"><img decoding=\"async\" width=\"370\" height=\"370\" src=\"https:\/\/www.stelorder.com\/wp-content\/uploads\/2022\/04\/Sector-Distribucion-1.png\" alt=\"\" class=\"wp-image-18854\" srcset=\"https:\/\/www.stelorder.com\/wp-content\/uploads\/2022\/04\/Sector-Distribucion-1.png 370w, https:\/\/www.stelorder.com\/wp-content\/uploads\/2022\/04\/Sector-Distribucion-1-300x300.png 300w, https:\/\/www.stelorder.com\/wp-content\/uploads\/2022\/04\/Sector-Distribucion-1-150x150.png 150w, https:\/\/www.stelorder.com\/wp-content\/uploads\/2022\/04\/Sector-Distribucion-1-120x120.png 120w, https:\/\/www.stelorder.com\/wp-content\/uploads\/2022\/04\/Sector-Distribucion-1-96x96.png 96w\" sizes=\"(max-width: 370px) 100vw, 370px\" \/><\/figure>\n\n<\/div><\/div><\/div>\n<\/div>\n<\/div><\/div><div class=\"gb-container gb-container-a7e48025 cl-padding-normal\"><div class=\"gb-inside-container\">\n<div class=\"gb-grid-wrapper gb-grid-wrapper-2134458f\">\n<div class=\"gb-grid-column gb-grid-column-073324f9\"><div class=\"gb-container gb-container-073324f9\"><div class=\"gb-inside-container\">\n<div class=\"gb-grid-wrapper gb-grid-wrapper-c7f59724\">\n<div class=\"gb-grid-column gb-grid-column-243f2518\"><div class=\"gb-container gb-container-243f2518\"><div class=\"gb-inside-container\">\n\n<figure class=\"wp-block-image size-full\"><a data-fslightbox=\"\" href=\"https:\/\/www.youtube.com\/watch?v=aSWnvuVN3gY?autoplay=1&#038;rel=0&#038;autohide=1&#038;showinfo=0\" rel=\"nofollow noopener\" target=\"_blank\"><img decoding=\"async\" src=\"https:\/\/www.stelorder.com\/wp-content\/uploads\/2023\/05\/servicios-tecnicos-landing.png\" alt=\"\" class=\"wp-image-29641\"\/><\/a><\/figure>\n\n<\/div><\/div><\/div>\n\n<div class=\"gb-grid-column gb-grid-column-e390c1ae\"><div class=\"gb-container gb-container-e390c1ae\"><div class=\"gb-inside-container\">\n\n<p class=\"cl-h8 has-stel-orange-color has-text-color\"><a href=\"https:\/\/www.stelorder.com\/mexico\/erp\/software-servicio-tecnico\/\" data-type=\"page\" data-id=\"87\"><strong>SERVICIOS T\u00c9CNICOS<\/strong><\/a> <strong>-&gt;<\/strong><\/p>\n\n\n\n<p class=\"has-text-color\" style=\"color:#5c5c5c\">Todas las herramientas necesarias para optimizar todos los procesos de trabajo de tu empresa de mantenimientos.<\/p>\n\n<\/div><\/div><\/div>\n<\/div>\n<\/div><\/div><\/div>\n\n<div class=\"gb-grid-column gb-grid-column-8a3760c3\"><div class=\"gb-container gb-container-8a3760c3\"><div class=\"gb-inside-container\">\n<div class=\"gb-grid-wrapper gb-grid-wrapper-687f3cc6\">\n<div class=\"gb-grid-column gb-grid-column-cd93bcde\"><div class=\"gb-container gb-container-cd93bcde\"><div class=\"gb-inside-container\">\n\n<figure class=\"wp-block-image size-full\"><a data-fslightbox=\"\" href=\"https:\/\/www.youtube.com\/watch?v=OVOCRIlY6i0?autoplay=1&#038;rel=0&#038;autohide=1&#038;showinfo=0\" rel=\"nofollow noopener\" target=\"_blank\"><img decoding=\"async\" src=\"https:\/\/www.stelorder.com\/wp-content\/uploads\/2023\/05\/informatica-landing.png\" alt=\"\" class=\"wp-image-29641\"\/><\/a><\/figure>\n\n<\/div><\/div><\/div>\n\n<div class=\"gb-grid-column gb-grid-column-7db466fd\"><div class=\"gb-container gb-container-7db466fd\"><div class=\"gb-inside-container\">\n\n<p class=\"cl-h8 has-stel-orange-color has-text-color\"><a href=\"https:\/\/www.stelorder.com\/mexico\/erp\/informatica\/\" data-type=\"page\" data-id=\"8285\"><strong>INFORM\u00c1TICA<\/strong><\/a> <strong>-&gt;<\/strong><\/p>\n\n\n\n<p class=\"has-text-color\" style=\"color:#5c5c5c\">Ofrece un servicio de venta, post-venta y asistencia t\u00e9cnica a tus clientes con el software mejor valorado.<\/p>\n\n<\/div><\/div><\/div>\n<\/div>\n<\/div><\/div><\/div>\n\n<div class=\"gb-grid-column gb-grid-column-bf512633\"><div class=\"gb-container gb-container-bf512633\"><div class=\"gb-inside-container\">\n<div class=\"gb-grid-wrapper gb-grid-wrapper-176f3f5c\">\n<div class=\"gb-grid-column gb-grid-column-896dad37\"><div class=\"gb-container gb-container-896dad37\"><div class=\"gb-inside-container\">\n\n<figure class=\"wp-block-image size-full\"><a data-fslightbox=\"\" href=\"https:\/\/www.youtube.com\/watch?v=a3IbkG-kiiw?autoplay=1&#038;rel=0&#038;autohide=1&#038;showinfo=0\" rel=\"nofollow noopener\" target=\"_blank\"><img decoding=\"async\" src=\"https:\/\/www.stelorder.com\/wp-content\/uploads\/2023\/05\/distribucion-landing.png\" alt=\"\" class=\"wp-image-29641\"\/><\/a><\/figure>\n\n<\/div><\/div><\/div>\n\n<div class=\"gb-grid-column gb-grid-column-5648bf6b\"><div class=\"gb-container gb-container-5648bf6b\"><div class=\"gb-inside-container\">\n\n<p class=\"cl-h8 has-stel-orange-color has-text-color\"><a href=\"https:\/\/www.stelorder.com\/mexico\/erp\/software-gestion-comercial\/\" data-type=\"page\" data-id=\"81\"><strong>DISTRIBUCI\u00d3N \/ COMERCIAL<\/strong><\/a> <strong>-&gt;<\/strong><\/p>\n\n\n\n<p class=\"has-text-color\" style=\"color:#5c5c5c\">La gesti\u00f3n comercial de tu empresa nunca ha sido tan sencilla de manejar. Conecta el almac\u00e9n y administraci\u00f3n con tus comerciales.<\/p>\n\n<\/div><\/div><\/div>\n<\/div>\n<\/div><\/div><\/div>\n\n<div class=\"gb-grid-column gb-grid-column-64dac917\"><div class=\"gb-container gb-container-64dac917\"><div class=\"gb-inside-container\">\n<div class=\"gb-grid-wrapper gb-grid-wrapper-68ecf24a\">\n<div class=\"gb-grid-column gb-grid-column-9d7df8a4\"><div class=\"gb-container gb-container-9d7df8a4\"><div class=\"gb-inside-container\">\n\n<figure class=\"wp-block-image size-full\"><a data-fslightbox=\"\" href=\"https:\/\/www.youtube.com\/watch?v=GsnZqOz7Be8?autoplay=1&#038;rel=0&#038;autohide=1&#038;showinfo=0\" rel=\"nofollow noopener\" target=\"_blank\"><img decoding=\"async\" src=\"https:\/\/www.stelorder.com\/wp-content\/uploads\/2023\/05\/electricidad-landing-1.png\" alt=\"\" class=\"wp-image-29641\"\/><\/a><\/figure>\n\n<\/div><\/div><\/div>\n\n<div class=\"gb-grid-column gb-grid-column-eda26b81\"><div class=\"gb-container gb-container-eda26b81\"><div class=\"gb-inside-container\">\n\n<p class=\"cl-h8 has-stel-orange-color has-text-color\"><a href=\"https:\/\/www.stelorder.com\/mexico\/erp\/empresas-electricidad\/\" data-type=\"page\" data-id=\"8172\"><strong>ELECTRICIDAD<\/strong><\/a> <strong>-&gt;<\/strong><\/p>\n\n\n\n<p class=\"has-text-color\" style=\"color:#5c5c5c\">Controla tus instalaciones el\u00e9ctricas y gestiona mantenimientos de la mejor manera posible.<\/p>\n\n<\/div><\/div><\/div>\n<\/div>\n<\/div><\/div><\/div>\n\n<div class=\"gb-grid-column gb-grid-column-2f0f061b\"><div class=\"gb-container gb-container-2f0f061b\"><div class=\"gb-inside-container\">\n<div class=\"gb-grid-wrapper gb-grid-wrapper-588da620\">\n<div class=\"gb-grid-column gb-grid-column-f77b65b2\"><div class=\"gb-container gb-container-f77b65b2\"><div class=\"gb-inside-container\">\n\n<figure class=\"wp-block-image size-full\"><a data-fslightbox=\"\" href=\"https:\/\/www.youtube.com\/watch?v=E7dA9ikhZxw?autoplay=1&#038;rel=0&#038;autohide=1&#038;showinfo=0\" rel=\"nofollow noopener\" target=\"_blank\"><img decoding=\"async\" src=\"https:\/\/www.stelorder.com\/wp-content\/uploads\/2024\/02\/portada-sectores-climatizacion-3.png\" alt=\"\" class=\"wp-image-29641\"\/><\/a><\/figure>\n\n<\/div><\/div><\/div>\n\n<div class=\"gb-grid-column gb-grid-column-9967df2b\"><div class=\"gb-container gb-container-9967df2b\"><div class=\"gb-inside-container\">\n\n<p class=\"cl-h8 has-stel-orange-color has-text-color\"><a href=\"https:\/\/www.stelorder.com\/mexico\/erp\/climatizacion-y-refrigeracion\/\" data-type=\"page\" data-id=\"8347\"><strong>HVAC<\/strong><\/a> <strong>-&gt;<\/strong><\/p>\n\n\n\n<p class=\"has-text-color\" style=\"color:#5c5c5c\">Conecta tus t\u00e9cnicos, crea y documenta instalaciones, recoge firmas y optimiza tus procesos con STEL Order.<\/p>\n\n<\/div><\/div><\/div>\n<\/div>\n<\/div><\/div><\/div>\n\n<div class=\"gb-grid-column gb-grid-column-4a480147\"><div class=\"gb-container gb-container-4a480147\"><div class=\"gb-inside-container\">\n<div class=\"gb-grid-wrapper gb-grid-wrapper-e273b5cc\">\n<div class=\"gb-grid-column gb-grid-column-ee025b8d\"><div class=\"gb-container gb-container-ee025b8d\"><div class=\"gb-inside-container\">\n\n<figure class=\"wp-block-image size-full\"><a data-fslightbox=\"\" href=\"https:\/\/www.youtube.com\/watch?v=Lj1XD_nE5oo&#038;t=33s?autoplay=1&#038;rel=0&#038;autohide=1&#038;showinfo=0\" rel=\"nofollow noopener\" target=\"_blank\"><img decoding=\"async\" src=\"https:\/\/www.stelorder.com\/wp-content\/uploads\/2023\/05\/landing-cerrajeros.png\" alt=\"\" class=\"wp-image-29641\"\/><\/a><\/figure>\n\n<\/div><\/div><\/div>\n\n<div class=\"gb-grid-column gb-grid-column-a7e25756\"><div class=\"gb-container gb-container-a7e25756\"><div class=\"gb-inside-container\">\n\n<p class=\"cl-h8 has-stel-orange-color has-text-color\"><a href=\"https:\/\/www.stelorder.com\/mexico\/erp\/cerrajeros\/\" data-type=\"page\" data-id=\"8638\"><strong>CERRAJEROS<\/strong><\/a> <strong>-&gt;<\/strong><\/p>\n\n\n\n<p class=\"has-text-color\" style=\"color:#5c5c5c\">Recibe y asigna incidencias autom\u00e1ticamente a tus t\u00e9cnicos. Una vez en el sitio, crea cotizaciones, notas de entrega y facturas CFDI incluso sin conexi\u00f3n desde tu celular.<\/p>\n\n<\/div><\/div><\/div>\n<\/div>\n<\/div><\/div><\/div>\n<\/div>\n\n\n<p><\/p>\n\n\n\n<p class=\"has-text-align-center has-stel-black-color has-text-color\"><strong><a href=\"https:\/\/www.stelorder.com\/mexico\/erp\/autonomo\/\" data-type=\"page\" data-id=\"8605\">Aut\u00f3nomos <\/a>\/ <a href=\"https:\/\/www.stelorder.com\/mexico\/erp\/pymes\/\" data-type=\"page\" data-id=\"8569\">Pymes <\/a>\/ <a href=\"https:\/\/www.stelorder.com\/mexico\/erp\/e-commerce\/\" data-type=\"page\" data-id=\"8651\">e-Commerce<\/a> \/ <a href=\"https:\/\/www.stelorder.com\/mexico\/erp\/construccion\/\" data-type=\"page\" data-id=\"8614\">Construcci\u00f3n<\/a><\/strong><\/p>\n\n\n\n<p><\/p>\n\n\n\n<p class=\"has-text-align-center\">Adem\u00e1s, al ser un software en la nube puedes utilizarlo desde cualquier ordenador(<a href=\"https:\/\/www.stelorder.com\/mexico\/erp\/mac\/\" data-type=\"page\" data-id=\"3465\">mac<\/a> incluido) o m\u00f3vil Android\/<a href=\"https:\/\/www.stelorder.com\/mexico\/erp\/ios\/\" data-type=\"page\" data-id=\"3452\">iOS<\/a><\/p>\n\n<\/div><\/div>","protected":false},"excerpt":{"rendered":"<p>Aut\u00f3nomos \/ Pymes \/ e-Commerce \/ Construcci\u00f3n Adem\u00e1s, al ser un software en la nube puedes utilizarlo desde cualquier ordenador(mac incluido) o m\u00f3vil Android\/iOS<\/p>\n","protected":false},"author":3,"featured_media":27976,"parent":1267,"menu_order":0,"comment_status":"closed","ping_status":"closed","template":"","meta":{"_acf_changed":false,"inline_featured_image":false,"footnotes":""},"class_list":{"0":"post-19792","1":"page","2":"type-page","3":"status-publish","4":"has-post-thumbnail","6":"no-featured-image-padding"},"acf":[],"_links":{"self":[{"href":"https:\/\/www.stelorder.com\/mexico\/wp-json\/wp\/v2\/pages\/19792","targetHints":{"allow":["GET"]}}],"collection":[{"href":"https:\/\/www.stelorder.com\/mexico\/wp-json\/wp\/v2\/pages"}],"about":[{"href":"https:\/\/www.stelorder.com\/mexico\/wp-json\/wp\/v2\/types\/page"}],"author":[{"embeddable":true,"href":"https:\/\/www.stelorder.com\/mexico\/wp-json\/wp\/v2\/users\/3"}],"replies":[{"embeddable":true,"href":"https:\/\/www.stelorder.com\/mexico\/wp-json\/wp\/v2\/comments?post=19792"}],"version-history":[{"count":0,"href":"https:\/\/www.stelorder.com\/mexico\/wp-json\/wp\/v2\/pages\/19792\/revisions"}],"up":[{"embeddable":true,"href":"https:\/\/www.stelorder.com\/mexico\/wp-json\/wp\/v2\/pages\/1267"}],"wp:featuredmedia":[{"embeddable":true,"href":"https:\/\/www.stelorder.com\/mexico\/wp-json\/wp\/v2\/media\/27976"}],"wp:attachment":[{"href":"https:\/\/www.stelorder.com\/mexico\/wp-json\/wp\/v2\/media?parent=19792"}],"curies":[{"name":"wp","href":"https:\/\/api.w.org\/{rel}","templated":true}]}}